{"id":8294,"date":"2016-09-11T12:40:31","date_gmt":"2016-09-11T12:40:31","guid":{"rendered":"http:\/\/foerderverein-theatersommer.net\/archiv\/?page_id=8294"},"modified":"2024-05-02T15:12:57","modified_gmt":"2024-05-02T15:12:57","slug":"2016-familie-dada-im-urlaut-wald","status":"publish","type":"page","link":"https:\/\/foerderverein-theatersommer.net\/archiv\/spielplan\/ab-2010\/2016-familie-dada-im-urlaut-wald\/","title":{"rendered":"<br\/><br\/>2016 &#8211; Familie Dada im Urlaut-Wald<br\/><br\/>"},"content":{"rendered":"<p><strong><span style=\"font-size: 18pt;\">FAMILIE DADA IM URLAUT-WALD<\/span><\/strong><br \/>\nfrei nach Texten von Hugo Ball und anderen Dadaisten*innen<br \/>\n<span style=\"font-size: 10pt;\">szenisch und dramaturgisch eingerichtet von Peter Kratz<\/span><\/p>\n<h3><span style=\"font-size: 24pt;\">Ein kurzweiliger anarchischer Theaterabend! <br \/>\nIm besten Sinn unzensiert.\u00a0<\/span><\/h3>\n<p>INSZENIERUNG: Peter Kratz<br \/>\nKOST\u00dcME: Laura Yoro<br \/>\nB\u00dcHNE: Enno Craiss<br \/>\nMIT: Marius Hubel, Andreas Klaue, Bernhard Linke<\/p>\n<p><span style=\"font-size: 14pt;\"><strong>KONZEPTION<\/strong><\/span><br \/>\nWohl nirgendwo sonst h\u00e4tten\u00a0100 Jahre Dada so gefeiert werden k\u00f6nnen wie im romantisch-verwilderten Theatergarten, von wo\u00a0aus sich unsere \u201eFamilie Dada\u201c anl\u00e4sslich des Jubil\u00e4ums der Nonsens-Kunst auf dadaistische Spurensuche im Urlaut-Wald begab. Dada ist Rebellion, Umbruch-Aufbruch pur, ein rauschhaft radikaler Neubeginn auf den Tr\u00fcmmern der selbstzerst\u00f6rerischen Moderne.\u00a0 <br \/>\nIn den Ur-Tiefen des dadaistischen Repertoires haben wir echte Rohdiamanten entdeckt, die auf der verwunschenen Rondellb\u00fchne in einem Panoptikum der kuriosen Perspektiven zum Funkeln\u00a0gebracht wurden.\u00a0<\/p>\n<p><span style=\"font-size: 14pt;\"><strong>PRESSESTIMMEN<\/strong><\/span><br \/>\n<strong>Ein echtes Vergn\u00fcgen<\/strong><br \/>\n\u201eDie drei Schauspieler leisten Gro\u00dfes. (\u2026) Sie bringen Licht in den Dada-Dschungel, der k\u00fcnstlerisch vor allem aus Lautmalereien, Nonsens-Gedichten und meist gut verstecktem Tiefgang besteht, der aber gepaart scheint mit Wahnsinn, Unsinn und Albernheiten. Keine Frage, die drei haben nicht nur Spa\u00df an dem intelligenten Unsinn, den sie da verbraten, sie f\u00fcllen ihn durch ihre Spielweise auch noch weiter mit prallem Leben. Ein echtes Vergn\u00fcgen f\u00fcr die Zuschauer. Der, der sich noch nie mit Dada auseinandergesetzt hat, lernt begreifen, was das ist, der bereits Kundige erf\u00e4hrt viele neue Spielarten dieser anarchischen Form der Artikulation. Es macht einfach Spa\u00df zuzuschauen!\u201c \u2013 LKZ \u2013<\/p>\n<p><strong>Luftige Sprachspielerei und kalkulierter Unsinn<\/strong><br \/>\n\u201eDie drei Protagonisten spielen lustvoll aus was DADA ist: das Gegenteil von Bierernst, luftige Sprachspielerei und kalkulierter Unsinn. (\u2026) Doch in dieser Produktion hat auch das Romantische seinen Platz. Wenn die Sprache endet, wird es vergn\u00fcglich, und dann z\u00fcndet der fr\u00f6hliche Anarchismus der Unsinnigkeit, der zum Dadaismus geh\u00f6rt.\u201c \u2013 Stuttgarter Nachrichten\u00a0\u2013<\/p>\n<p><strong>Im besten Sinn unzensiert<\/strong><br \/>\n\u201eSchon die B\u00fchne ist ein Panoptikum, an dem man sich kaum sattsehen kann. (\u2026) Definiere Dada also, und das gelingt ihnen famos.\u00a0(\u2026) Es gibt kein Halten mehr mit eigener wie zitierter Kunst, mit sinnvollem Unsinn, mit Jucken, H\u00fcpfen, Zappeln, mit Gurgeln, Knarzen und dergleichen Capriolen. (\u2026) Ehrlich wie die Kinder, mitunter auch mal ernstlich\u00a0verliebt und im besten Sinn unzensiert.\u201c \u2013 Bietigheimer Zeitung \u2013<\/p>\n<p><a href=\"http:\/\/foerderverein-theatersommer.net\/archiv\/wp-content\/uploads\/Familie-Dada-Ensemble-ThS-2016-Foto-@-by-Crassie.jpg\"><img loading=\"lazy\" decoding=\"async\" class=\"alignleft wp-image-8295 size-thumbnail\" title=\"Familie Dada (Ensemble) - ThS 2016 - Foto @ by Crassie\" src=\"http:\/\/foerderverein-theatersommer.net\/archiv\/wp-content\/uploads\/Familie-Dada-Ensemble-ThS-2016-Foto-@-by-Crassie-175x175.jpg\" alt=\"1-familie-dada-ensemble\" width=\"175\" height=\"175\" \/><\/a> <a href=\"http:\/\/foerderverein-theatersommer.net\/archiv\/wp-content\/uploads\/Familie-Dada-HaHuBalayA.-Klaue-ThS-2016-Foto-@-by-Crassie.jpg\"><img loading=\"lazy\" decoding=\"async\" class=\"alignleft wp-image-8296 size-thumbnail\" title=\"Familie Dada (HaHuBalay:A. Klaue) - ThS 2016 - Foto @ by Crassie\" src=\"http:\/\/foerderverein-theatersommer.net\/archiv\/wp-content\/uploads\/Familie-Dada-HaHuBalayA.-Klaue-ThS-2016-Foto-@-by-Crassie-175x175.jpg\" alt=\"2-dada_hahubalay\" width=\"175\" height=\"175\" \/><\/a> <a href=\"http:\/\/foerderverein-theatersommer.net\/archiv\/wp-content\/uploads\/Familie-Dada-HaHuBalayA.-Klaue-TotoM.-Hubel-ThS-2016-Foto-@-by-Crassie.jpg\"><img loading=\"lazy\" decoding=\"async\" class=\"alignleft wp-image-8297 size-thumbnail\" title=\"Familie Dada (HaHuBalay:A. Klaue, Toto:M. Hubel) - ThS 2016 - Foto @ by Crassie\" src=\"http:\/\/foerderverein-theatersommer.net\/archiv\/wp-content\/uploads\/Familie-Dada-HaHuBalayA.-Klaue-TotoM.-Hubel-ThS-2016-Foto-@-by-Crassie-175x175.jpg\" alt=\"3-dada\" width=\"175\" height=\"175\" \/><\/a> <a href=\"http:\/\/foerderverein-theatersommer.net\/archiv\/wp-content\/uploads\/Familie-Dada-Ensemble-mit-Publikum-ThS-2016-Foto-@-by-Crassie.jpg\"><img loading=\"lazy\" decoding=\"async\" class=\"alignleft wp-image-8298 size-thumbnail\" title=\"Familie Dada (Ensemble mit Publikum) - ThS 2016 - Foto @ by Crassie\" src=\"http:\/\/foerderverein-theatersommer.net\/archiv\/wp-content\/uploads\/Familie-Dada-Ensemble-mit-Publikum-ThS-2016-Foto-@-by-Crassie-175x175.jpg\" alt=\"4-familie_dada_ensemble\" width=\"175\" height=\"175\" \/><\/a> <a href=\"http:\/\/foerderverein-theatersommer.net\/archiv\/wp-content\/uploads\/Familie-Dada-B.-Linke-A.-Klaue-M.-Hubel-ThS-2016-Foto-@-by-Crassie.jpg\"><img loading=\"lazy\" decoding=\"async\" class=\"alignleft wp-image-8299 size-thumbnail\" title=\"Familie Dada (B. Linke, A. Klaue, M. Hubel) - ThS 2016 - Foto @ by Crassie\" src=\"http:\/\/foerderverein-theatersommer.net\/archiv\/wp-content\/uploads\/Familie-Dada-B.-Linke-A.-Klaue-M.-Hubel-ThS-2016-Foto-@-by-Crassie-175x175.jpg\" alt=\"5-dada\" width=\"175\" height=\"175\" \/><\/a> <a href=\"http:\/\/foerderverein-theatersommer.net\/archiv\/wp-content\/uploads\/Familie-Dada-TotoM.-Hubel-ThS-2016-Foto-@-by-Crassie.jpg\"><img loading=\"lazy\" decoding=\"async\" class=\"alignleft wp-image-8300 size-thumbnail\" title=\"Familie Dada (Toto:M. Hubel) - ThS 2016 - Foto @ by Crassie\" src=\"http:\/\/foerderverein-theatersommer.net\/archiv\/wp-content\/uploads\/Familie-Dada-TotoM.-Hubel-ThS-2016-Foto-@-by-Crassie-175x175.jpg\" alt=\"6-dada\" width=\"175\" height=\"175\" \/><\/a><\/p>\n<p>&nbsp;<\/p>\n<p>&nbsp;<\/p>\n<p>&nbsp;<\/p>\n<p>&nbsp;<\/p>\n<p><span style=\"font-size: 8pt;\">Bildvergr\u00f6\u00dferung: Foto anklicken und \u00fcber re\/li Pfeil weiter<br \/>\n<\/span><\/p>\n<p>&nbsp;<\/p>\n<p>ZUSCHAUERZAHLEN<br \/>\n2016: \u00a0 \u00a0 \u00a0 \u00a0 676 Besucher<br \/>\n2017: \u00a0 \u00a0 \u00a0 \u00a0 753 Besucher<br \/>\nGesamt: 1.429\u00a0Besucher<\/p>\n<p><span style=\"text-decoration: underline;\"><span style=\"font-size: 14pt; color: #339966;\"><a style=\"color: #339966; text-decoration: underline;\" title=\"2017 \u2013 Frankenstein\" href=\"http:\/\/foerderverein-theatersommer.net\/archiv\/spielplan\/ab-2010\/2017-frankenstein\/\"><strong>N\u00e4chstes St\u00fcck<\/strong>\u00a0<\/a><\/span><\/span><\/p>\n<p><a href=\"http:\/\/foerderverein-theatersommer.net\/archiv\/wp-content\/uploads\/2016-Dada-Plakat.jpg\"><img loading=\"lazy\" decoding=\"async\" class=\"alignleft size-large wp-image-10134\" src=\"http:\/\/foerderverein-theatersommer.net\/archiv\/wp-content\/uploads\/2016-Dada-Plakat-301x800.jpg\" alt=\"\" width=\"301\" height=\"800\" srcset=\"https:\/\/foerderverein-theatersommer.net\/archiv\/wp-content\/uploads\/2016-Dada-Plakat-301x800.jpg 301w, https:\/\/foerderverein-theatersommer.net\/archiv\/wp-content\/uploads\/2016-Dada-Plakat-113x300.jpg 113w, https:\/\/foerderverein-theatersommer.net\/archiv\/wp-content\/uploads\/2016-Dada-Plakat.jpg 522w\" sizes=\"(max-width: 301px) 100vw, 301px\" \/><\/a><\/p>\n<p>&nbsp;<\/p>\n<p>&nbsp;<\/p>\n<p>&nbsp;<\/p>\n<p>&nbsp;<\/p>\n<p>&nbsp;<\/p>\n<p>&nbsp;<\/p>\n<p>&nbsp;<\/p>\n<p>&nbsp;<\/p>\n<p>&nbsp;<\/p>\n<p>&nbsp;<\/p>\n<p>&nbsp;<\/p>\n<p>&nbsp;<\/p>\n<p><span style=\"font-size: 8pt;\">Plakatmotiv: \u00a9 R. Crassie<\/span><\/p>\n","protected":false},"excerpt":{"rendered":"<p>FAMILIE DADA IM URLAUT-WALD frei nach Texten von Hugo Ball und anderen Dadaisten*innen szenisch und dramaturgisch eingerichtet von Peter Kratz&#8230; <span class=\"read-more\"><a href=\"https:\/\/foerderverein-theatersommer.net\/archiv\/spielplan\/ab-2010\/2016-familie-dada-im-urlaut-wald\/\" class=\"button button-darkgray small\"> Continue Reading &rarr; <\/a><\/span><\/p>\n","protected":false},"author":3,"featured_media":10115,"parent":1585,"menu_order":0,"comment_status":"closed","ping_status":"closed","template":"","meta":{"footnotes":""},"_links":{"self":[{"href":"https:\/\/foerderverein-theatersommer.net\/archiv\/wp-json\/wp\/v2\/pages\/8294"}],"collection":[{"href":"https:\/\/foerderverein-theatersommer.net\/archiv\/wp-json\/wp\/v2\/pages"}],"about":[{"href":"https:\/\/foerderverein-theatersommer.net\/archiv\/wp-json\/wp\/v2\/types\/page"}],"author":[{"embeddable":true,"href":"https:\/\/foerderverein-theatersommer.net\/archiv\/wp-json\/wp\/v2\/users\/3"}],"replies":[{"embeddable":true,"href":"https:\/\/foerderverein-theatersommer.net\/archiv\/wp-json\/wp\/v2\/comments?post=8294"}],"version-history":[{"count":13,"href":"https:\/\/foerderverein-theatersommer.net\/archiv\/wp-json\/wp\/v2\/pages\/8294\/revisions"}],"predecessor-version":[{"id":10473,"href":"https:\/\/foerderverein-theatersommer.net\/archiv\/wp-json\/wp\/v2\/pages\/8294\/revisions\/10473"}],"up":[{"embeddable":true,"href":"https:\/\/foerderverein-theatersommer.net\/archiv\/wp-json\/wp\/v2\/pages\/1585"}],"wp:featuredmedia":[{"embeddable":true,"href":"https:\/\/foerderverein-theatersommer.net\/archiv\/wp-json\/wp\/v2\/media\/10115"}],"wp:attachment":[{"href":"https:\/\/foerderverein-theatersommer.net\/archiv\/wp-json\/wp\/v2\/media?parent=8294"}],"curies":[{"name":"wp","href":"https:\/\/api.w.org\/{rel}","templated":true}]}}