{"id":8671,"date":"2017-09-29T09:27:47","date_gmt":"2017-09-29T09:27:47","guid":{"rendered":"http:\/\/foerderverein-theatersommer.net\/archiv\/?page_id=8671"},"modified":"2024-05-02T15:14:23","modified_gmt":"2024-05-02T15:14:23","slug":"2017-frankenstein","status":"publish","type":"page","link":"https:\/\/foerderverein-theatersommer.net\/archiv\/spielplan\/ab-2010\/2017-frankenstein\/","title":{"rendered":"<br\/>2017 &#8211; Frankenstein<br\/><br\/>"},"content":{"rendered":"<p><span style=\"font-size: 18pt;\"><strong>FRANKENSTEIN<\/strong><\/span><br \/>\nvon Nick Dear nach dem Roman von Mary Shelley<br \/>\n<span style=\"font-size: 10pt;\">Auff\u00fchrungsrechte: Rowohlt Theater Verlag, im Auftrag von Rosica Colin Limited, London<br \/>\nF\u00fcr den Theatersommer dramaturgisch und szenisch eingerichtet von Peter Kratz<\/span><\/p>\n<p>&nbsp;<\/p>\n<p><span style=\"font-size: 18pt;\"><strong>Ein B\u00fchnenfest und Theatererlebnis<\/strong><\/span><\/p>\n<p>INSZENIERUNG:\u00a0Peter Kratz<br \/>\nKOST\u00dcME:\u00a0Laura Yoro<br \/>\nB\u00dcHNE: Enno Craiss<br \/>\nMIT:\u00a0Nina Maria F\u00f6hr, Marius Hubel, Andreas Klaue,\u00a0Laura Locher<\/p>\n<p><span style=\"font-size: 14pt;\"><strong>KONZEPTION<\/strong><\/span><br \/>\nVom Klassiker zum B\u00fchnenhit: Mary Shelley setzte mit ihrem Roman von 1818 ein Wesen in die Welt, das bis heute gro\u00dfe Erfolge feiert. Ihrem Stoff, mit der modernen Wissenschaft aktueller geworden denn je, hat der bekannte B\u00fchnenautor Nick Dear eine besondere Wendung abgewonnen. Sein <em>Frankenstein<\/em>, in London bejubelt und monatelang ausverkauft, kommt nun nach Ludwigsburg. Anders als \u00fcblich dominiert die Sichtweise des Wesens. Durch diesen Kunstgriff verliert es einen Teil des Schreckens, seine Motive und Ziele werden auf grausame Weise nachvollziehbar. Wir beobachten ein innerlich zerrissenes Gesch\u00f6pf, das im Zeitraffer die Menschwerdung durchl\u00e4uft und uns im Guten wie im B\u00f6sen den Spiegel vorh\u00e4lt. Wir erkennen uns in seiner Wut, seinen Rachegel\u00fcsten und seinem Zerst\u00f6rungstrieb ebenso wieder wie in seinem Verlangen nach Anerkennung, Gerechtigkeit und Vertrauen. Victor Frankenstein und sein Alter Ego bilden ein gleichsam Beckettsches Paar: Sie trachten einander nach dem Leben, bleiben aber untrennbar verbunden und sind auf Gedeih und Verderb voneinander abh\u00e4ngig. Das Bed\u00fcrfnis nach Liebe schlie\u00dflich \u2013 wie tragisch und absurd sie auch in Erscheinung tritt \u2013 erweist sich als eine immer m\u00e4chtigere Triebfeder.<\/p>\n<p>Im Theatersommer f\u00e4llt dieser\u00a0<em>Frankenstein<\/em>\u00a0auf einen idealen N\u00e4hrboden. Konzentriert und mit kleinem Ensemble inszeniert, atmet das St\u00fcck im Theatergarten auf typische Weise Freilichtluft. Vier Schauspieler wechseln einander in der Rolle des Wesens ab, um es mit individuellen Qualit\u00e4ten zu bereichern. Die unterschiedlichen Natur-Schaupl\u00e4tze treten in fantasievollen Dialog mit der Gartenb\u00fchne, w\u00e4hrend ein eigens kreierter Sound f\u00f6rmlich nach dem Zuschauer greift. So entfaltet sich\u00a0<em>Frankenstein<\/em>\u00a0als Erlebnis, das alle Sinne anspricht.<\/p>\n<p><span style=\"font-size: 14pt;\"><strong>PRESSESTIMMEN<\/strong><\/span><br \/>\n<strong>Theatersommer in Vollendung<br \/>\n<\/strong>&#8222;Peter Kratz hat f\u00fcr seine Version beim Theatersommer letztlich eine sehr eigenst\u00e4ndige Version geschaffen. Dabei geht es weniger um den Horror, sondern diese Version geht viel tiefer. So ernst, so tief geht diese wunderbare Inszenierung. Ist das noch Clussgarten, ist das noch Theatersommer? Dreimal \u201eJa\u201c, es ist Theatersommer in Vollendung. Denn bei aller Tiefe , die Theatersprache ist die, die der Theatersommer schon immer gepflegt hat und die hier einen neuen H\u00f6hepunkt findet. Denn der Zuschauer sieht letztlich auch wieder Sommertheater, eine leichtg\u00e4ngige Unterhaltung, die jedoch ganz individuell in ihrem Tiefgang von jedem Besucher ausgelotet werden kann. (\u2026) Keine Sekunde Langeweile, daf\u00fcr Hochspannung mit subtilen Mitteln, ein Drama der besonderen Art das vordergr\u00fcndig schon ein Genuss ist, weil Kratz wieder eine hervorragende Bildersprache findet, die riesige B\u00fchne breit nutzt und bespielt. Das Wesen wird abwechselnd von allen vier Schauspielern gespielt. Und auch sonst herrscht absolute Gleichberechtigung in einem Ensemble, das mit seiner starken Homogenit\u00e4t erst diese Auff\u00fchrung m\u00f6glich macht. Kratz wei\u00df um die F\u00e4higkeiten seiner Akteure und setzt sie klug ein, so dass ein unglaublich gut anzusehendes Gesamtbild entsteht. Ein Klassest\u00fcck, f\u00fcr das sich jeder Tropfen Schwei\u00df, gelohnt hat.<em>\u00a0&#8220;\u00a0\u2013<\/em> Ludwigsburger Kreiszeitung<em> \u2013\u00a0<\/em><\/p>\n<p><strong>Ein B\u00fchnenfest auf hohem Niveau<br \/>\n<\/strong>&#8222;Peter Kratz zeigt mit seiner Frankenstein Inszenierung, auf welch hohem Niveau im sommerlichen Cluss-Garten Theater gespielt wird. (\u2026) Ein B\u00fchnenfest, das lustige Momente eingeschlossen, das ewige Thema der Sch\u00f6pfung packend darstellt. Trotzdem darf auch bei \u201eFrankenstein\u201c gelacht werden. Eine heitere Szene auf dem Jahrmarkt und die ostfriesischen Fischer auf den Orkney Inseln sind daf\u00fcr ein hervorragendes Beispiel. (\u2026) K\u00f6rperbetontes Spiel und die F\u00e4higkeit, in Sekundenschnelle die Rolle zu wechseln, sind Grundvoraussetzungen, die jeder Theatersommer-Schauspieler erf\u00fcllen muss. (\u2026) Das famose Quartett, das spielt so insgesamt fast 20 Rollen. (\u2026) Dies alles, pr\u00e4sentiert im herrlichsten Theatergarten weit und breit, mit einer, wie immer gl\u00e4nzend ausgew\u00e4hlten Musik und kleinen lokalen Apercus macht aus Frankenstein ein Theatererlebnis das zum Nachdenken anregt, das Freude bereitet und etwas mehr als zwei Stunden wie im Fluge vergehen l\u00e4sst. Applaus!&#8220;\u00a0<em>\u2013 <\/em>Ludwigsburger Wochenblatt<em> \u2013<\/em><\/p>\n<p><strong>Ganz gro\u00dfes Theatersommer-Kino<br \/>\n<\/strong>&#8222;Den Schauspielern gelingt es mittels ver\u00e4ndertem Gestus, Duktus und Habitus den Figuren einen ganz eigenen Stempel aufzusetzen. F\u00fcr komischen Momente sorgt Andreas Klaues Darstellung des Platt snakenden Inselbewohners Ewan. Das ist ganz gro\u00dfes Theatersommer-Kino.&#8220;\u00a0<em>\u2013 <\/em>Bietigheimer Zeitung<em> \u2013<\/em><\/p>\n<p><a class=\"fancybox\" href=\"http:\/\/foerderverein-theatersommer.net\/archiv\/wp-content\/uploads\/1.-Frankenstein-\u00a9ThS-Fotograf-A.Essig_.jpg\"><img loading=\"lazy\" decoding=\"async\" class=\"alignleft size-thumbnail wp-image-8672\" title=\"Dr. Frankenstein (Frankenstein\/M. Hubel) - ThS 2017 - Foto: \u00a9 by R. Crassie\" src=\"http:\/\/foerderverein-theatersommer.net\/archiv\/wp-content\/uploads\/1.-Frankenstein-\u00a9ThS-Fotograf-A.Essig_-175x175.jpg\" alt=\"1.-Frankenstein-\u00a9ThS-Fotograf-A.Essig_\" width=\"175\" height=\"175\" \/> <\/a> <a class=\"fancybox\" href=\"http:\/\/foerderverein-theatersommer.net\/archiv\/wp-content\/uploads\/2.Frankenstein-\u00a9ThS-Fotograf-A.Essig_.jpg\"><img loading=\"lazy\" decoding=\"async\" class=\"alignleft size-thumbnail wp-image-8673\" title=\"Wesen (Nina Maria F\u00f6hr) - ThS 2017 - Foto: \u00a9 by R. Crassie\" src=\"http:\/\/foerderverein-theatersommer.net\/archiv\/wp-content\/uploads\/2.Frankenstein-\u00a9ThS-Fotograf-A.Essig_-175x175.jpg\" alt=\"2.Frankenstein-\u00a9ThS-Fotograf-A.Essig_\" width=\"175\" height=\"175\" \/><\/a> <a class=\"fancybox\" href=\"http:\/\/foerderverein-theatersommer.net\/archiv\/wp-content\/uploads\/3.-Frankenstein-\u00a9ThS-Fotograf-A.Essig_.jpg\"><img loading=\"lazy\" decoding=\"async\" class=\"alignleft size-thumbnail wp-image-8674\" title=\"Seeleute (L. Locher, A. Klaue) - ThS 2017 - Foto: \u00a9 by R. Crassie\" src=\"http:\/\/foerderverein-theatersommer.net\/archiv\/wp-content\/uploads\/3.-Frankenstein-\u00a9ThS-Fotograf-A.Essig_-175x175.jpg\" alt=\"3.-Frankenstein-\u00a9ThS-Fotograf-A.Essig_\" width=\"175\" height=\"175\" \/><\/a><a class=\"fancybox\" href=\"http:\/\/foerderverein-theatersommer.net\/archiv\/wp-content\/uploads\/4.-Frankenstein-\u00a9ThS-Fotograf-A.Essig_.jpg\"><img loading=\"lazy\" decoding=\"async\" class=\"alignleft size-thumbnail wp-image-8675\" title=\"Wesen (A. Klaue) - ThS 2017 - Foto: \u00a9 by R. Crassie\" src=\"http:\/\/foerderverein-theatersommer.net\/archiv\/wp-content\/uploads\/4.-Frankenstein-\u00a9ThS-Fotograf-A.Essig_-175x175.jpg\" alt=\"4.-Frankenstein-\u00a9ThS-Fotograf-A.Essig_\" width=\"175\" height=\"175\" \/><\/a><a class=\"fancybox\" href=\"http:\/\/foerderverein-theatersommer.net\/archiv\/wp-content\/uploads\/8.-Frankenstein-\u00a9ThS-Fotograf-A.Essig_.jpg\"><img loading=\"lazy\" decoding=\"async\" class=\"alignleft size-thumbnail wp-image-8677\" title=\"Barmherzigkeit (DeLacey\/A. Klaue, Wesen\/N.M. F\u00f6hr) - ThS 2017 - Foto: \u00a9 by R. Crassie\" src=\"http:\/\/foerderverein-theatersommer.net\/archiv\/wp-content\/uploads\/8.-Frankenstein-\u00a9ThS-Fotograf-A.Essig_-175x175.jpg\" alt=\"8.-Frankenstein-\u00a9ThS-Fotograf-A.Essig_\" width=\"175\" height=\"175\" \/><\/a><a class=\"fancybox\" href=\"http:\/\/foerderverein-theatersommer.net\/archiv\/wp-content\/uploads\/7.-Frankenstein-\u00a9ThS-Fotograf-A.Essig_.jpg\"><img loading=\"lazy\" decoding=\"async\" class=\"alignleft size-thumbnail wp-image-8672\" title=\"Bleib wo du bist! (Frankenstein\/M. Hubel, Wesen\/N.M. F\u00f6hr) - ThS 2017 - Foto: \u00a9 by R. Crassie\" src=\"http:\/\/foerderverein-theatersommer.net\/archiv\/wp-content\/uploads\/7.-Frankenstein-\u00a9ThS-Fotograf-A.Essig_-175x175.jpg\" alt=\"7.-Frankenstein-\u00a9ThS-Fotograf-A.Essig_\" width=\"175\" height=\"175\" \/><\/a><\/p>\n<p>&nbsp;<\/p>\n<p>&nbsp;<\/p>\n<p>&nbsp;<\/p>\n<p>&nbsp;<\/p>\n<p><span style=\"font-size: 8pt;\">Bildvergr\u00f6\u00dferung: Foto anklicken und \u00fcber re\/li Pfeil weiter<\/span><\/p>\n<p>&nbsp;<\/p>\n<p>ZUSCHAUERZAHLEN<br \/>\n2017: 2.677 Besucher\u00a0<\/p>\n<p><span style=\"text-decoration: underline;\"><span style=\"color: #339966; font-size: 14pt;\"><a style=\"color: #339966;\" title=\"2017 \u2013 Gertrude &amp; Die Steine des Ansto\u00dfes\" href=\"http:\/\/foerderverein-theatersommer.net\/archiv\/spielplan\/ab-2010\/2017-gertrude-die-steine-des-anstosses\/\"><strong>N\u00e4chstes St\u00fcck<\/strong><\/a><\/span><\/span><\/p>\n<p><a href=\"http:\/\/foerderverein-theatersommer.net\/archiv\/wp-content\/uploads\/2017-Frankenstein-Plakat.jpg\"><img loading=\"lazy\" decoding=\"async\" class=\"alignleft size-large wp-image-10145\" src=\"http:\/\/foerderverein-theatersommer.net\/archiv\/wp-content\/uploads\/2017-Frankenstein-Plakat-400x800.jpg\" alt=\"\" width=\"400\" height=\"800\" srcset=\"https:\/\/foerderverein-theatersommer.net\/archiv\/wp-content\/uploads\/2017-Frankenstein-Plakat-400x800.jpg 400w, https:\/\/foerderverein-theatersommer.net\/archiv\/wp-content\/uploads\/2017-Frankenstein-Plakat-150x300.jpg 150w, https:\/\/foerderverein-theatersommer.net\/archiv\/wp-content\/uploads\/2017-Frankenstein-Plakat.jpg 541w, https:\/\/foerderverein-theatersommer.net\/archiv\/wp-content\/uploads\/2017-Frankenstein-Plakat-499x999.jpg 499w\" sizes=\"(max-width: 400px) 100vw, 400px\" \/><\/a><\/p>\n<p>&nbsp;<\/p>\n<p>&nbsp;<\/p>\n<p>&nbsp;<\/p>\n<p>&nbsp;<\/p>\n<p>&nbsp;<\/p>\n<p>&nbsp;<\/p>\n<p>&nbsp;<\/p>\n<p>&nbsp;<\/p>\n<p>&nbsp;<\/p>\n<p>&nbsp;<\/p>\n<p>&nbsp;<\/p>\n<p>&nbsp;<\/p>\n<p><span style=\"font-size: 8pt;\">Plakatmotiv: \u00a9 R. Crassie<\/span><\/p>\n","protected":false},"excerpt":{"rendered":"<p>FRANKENSTEIN von Nick Dear nach dem Roman von Mary Shelley Auff\u00fchrungsrechte: Rowohlt Theater Verlag, im Auftrag von Rosica Colin Limited,&#8230; <span class=\"read-more\"><a href=\"https:\/\/foerderverein-theatersommer.net\/archiv\/spielplan\/ab-2010\/2017-frankenstein\/\" class=\"button button-darkgray small\"> Continue Reading &rarr; <\/a><\/span><\/p>\n","protected":false},"author":3,"featured_media":10144,"parent":1585,"menu_order":7,"comment_status":"closed","ping_status":"open","template":"","meta":{"footnotes":""},"_links":{"self":[{"href":"https:\/\/foerderverein-theatersommer.net\/archiv\/wp-json\/wp\/v2\/pages\/8671"}],"collection":[{"href":"https:\/\/foerderverein-theatersommer.net\/archiv\/wp-json\/wp\/v2\/pages"}],"about":[{"href":"https:\/\/foerderverein-theatersommer.net\/archiv\/wp-json\/wp\/v2\/types\/page"}],"author":[{"embeddable":true,"href":"https:\/\/foerderverein-theatersommer.net\/archiv\/wp-json\/wp\/v2\/users\/3"}],"replies":[{"embeddable":true,"href":"https:\/\/foerderverein-theatersommer.net\/archiv\/wp-json\/wp\/v2\/comments?post=8671"}],"version-history":[{"count":19,"href":"https:\/\/foerderverein-theatersommer.net\/archiv\/wp-json\/wp\/v2\/pages\/8671\/revisions"}],"predecessor-version":[{"id":10474,"href":"https:\/\/foerderverein-theatersommer.net\/archiv\/wp-json\/wp\/v2\/pages\/8671\/revisions\/10474"}],"up":[{"embeddable":true,"href":"https:\/\/foerderverein-theatersommer.net\/archiv\/wp-json\/wp\/v2\/pages\/1585"}],"wp:featuredmedia":[{"embeddable":true,"href":"https:\/\/foerderverein-theatersommer.net\/archiv\/wp-json\/wp\/v2\/media\/10144"}],"wp:attachment":[{"href":"https:\/\/foerderverein-theatersommer.net\/archiv\/wp-json\/wp\/v2\/media?parent=8671"}],"curies":[{"name":"wp","href":"https:\/\/api.w.org\/{rel}","templated":true}]}}