{"id":8946,"date":"2020-12-16T09:45:56","date_gmt":"2020-12-16T09:45:56","guid":{"rendered":"http:\/\/foerderverein-theatersommer.net\/archiv\/?page_id=8946"},"modified":"2024-05-02T15:18:04","modified_gmt":"2024-05-02T15:18:04","slug":"2018-stadt-der-traeume","status":"publish","type":"page","link":"https:\/\/foerderverein-theatersommer.net\/archiv\/spielplan\/ab-2010\/2018-stadt-der-traeume\/","title":{"rendered":"<br\/><br\/>2018 &#8211; Stadt der Tr\u00e4ume<br\/><br\/><br\/>"},"content":{"rendered":"<p><span style=\"font-size: 18pt;\"><strong>STADT DER TR\u00c4UME<\/strong><\/span><br \/>\n<span style=\"font-size: 10pt;\">von Peter Kratz frei nach Fellini-Calvino-Tomeo\u00a0<\/span><\/p>\n<p><span style=\"color: #333333; font-size: 24pt;\"><strong>Durch die magische Stadt!<\/strong><\/span><\/p>\n<p>REGIE:\u00a0Peter Kratz<br \/>\nKOST\u00dcME: Pina Sophia Starke<br \/>\nB\u00dcHNE: Enno Craiss<br \/>\nFOTOGRAFIE: Robert Crassie<br \/>\nBESETZUNG: Anja Barth, Andreas Klaue<\/p>\n<p><span style=\"font-size: 14pt;\"><strong>KONZEPTION<\/strong><\/span><br \/>\nIm Zentrum des Geschehens steht die Idee von Javier Tomeos Roman \u201eDie Taubenstadt\u201c \u2013 einer Geschichte, die viel zu absurd ist, um nicht wahr zu sein. Eine Stadt, gestern noch voller L\u00e4rm und l\u00e4stigem Leben, ist pl\u00f6tzlich ausgestorben. Alle Bewohner sind wie durch Geisterhand \u00fcber Nacht spurlos verschwunden. Nur einen einzigen Menschen hat man zur\u00fcckgelassen. Soll das ein schlechter Scherz sein? \u201eWas habe ich getan, um eine solche Einsamkeit zu verdienen?\u201c gr\u00fcbelt er beklommen. Doch kaum hat er beschlossen, seine radikale Vereinsamung mutig zu ertragen, muss er feststellen, dass er doch nicht ganz allein ist. Eine \u201ewinzige Armee\u201c von Tauben r\u00fcckt in Dreierkolonnen aus einem Hinterhalt hervor, um \u201emit energischen Nickbewegungen\u201c ihren Herrschaftsanspruch in der ungem\u00fctlichen Idylle anzumelden. Angef\u00fchrt wird die geheimnisvolle Taubenarmee von der Reinkarnation einer Filmdiva, die mit der Hauptfigur der Geschichte eine alte Rechnung zu begleichen hat.<\/p>\n<p><span style=\"font-size: 14pt;\"><strong>PRESSESTIMMEN<\/strong><\/span><br \/>\n<strong>Durch die magische Stadt<br \/>\n<\/strong>Zum Jubil\u00e4um der richtigen Stadt und zu dessen Feiern, hat der Theatersommer sein Stadtbild entworfen. Peter Kratz hat auf dem unersch\u00f6pflichen Webstuhl seiner Fantasie dazu drei F\u00e4den zu einem einzigen versponnen, der an Buntheit, an geistiger Erfrischung, an Spa\u00df und Freude wie an Nachdenklichkeit kaum zu \u00fcbertreffen ist. Kratz hat f\u00fcr seinen Abend \u201eStadt der Tr\u00e4ume\u201c n\u00e4mlich Ideen gesch\u00f6pft aus Javier Tomeos \u201eDie Taubenstadt\u201c, aus Italo Calvinos \u201eDie unsichtbaren St\u00e4dte\u201c und aus Federico Fellinis \u201eDas Buch der Tr\u00e4ume\u201c.<\/p>\n<p>Vor der Vorstellung mag man sich fragen, wie es gelingen kann, aus drei solch unterschiedlichen, prallen Werken eins zu machen, aus diesen drei Geschichten eine einzige herauszudestillieren, die dann hochprozentig und aromatisch die Vorz\u00fcge aus allen drei Werken vereint. Nachdem der Applaus verklungen ist, man das Zwei-Personen-St\u00fcck genossen hat, fragt man sich eher, wie das auch anders sein k\u00f6nnte, so selbstverst\u00e4ndlich und fantastisch kommt die Story daher.\u00a0Es f\u00e4llt leicht, sich einzulassen auf Fragen wie etwa die, was eine Stadt eigentlich ausmacht, was sie pr\u00e4gt, welche M\u00f6glichkeiten sie bietet, aber auch, wie sie zum Alptraum werden kann. (&#8230;) Andreas Klaue zeigt wieder einmal, dass er einfach der Schauspieler ist, der die markanten Figuren, die Kratz schafft, zu einem wie selbstverst\u00e4ndlichen Dasein erwecken kann, und sei es auch noch so skurril und mystisch.\u00a0&#8211; Ludwigsburger Kreiszeitung &#8211;\u00a0<\/p>\n<p><strong>Ein detailverliebtes St\u00fcck voller Poesie, d\u00fcster, nachdenklich, tragisch, aber auch komisch und auf ganzer Linie unterhaltsam<br \/>\n<\/strong>Mit Witz und \u00fcberzeugender Mimik agieren die beiden Akteure. Geschmeidig bewegen sie sich durch ihr Meer von Requisiten. (\u2026) Viel liegt da rum, aber wird auch geschickt in die Handlung verwoben: H\u00fcte, M\u00e4ntel, Springbrunnen,\u00a0Boccia-Kugeln, die mit einem lauten Knall auf den Holzboden krachen. Anita, die zu Beginn zwischen den Streben des Ludwigsburg-Grundrisses wie eine Spinne ihre F\u00e4den spannt \u2013 graue, blaue, rote F\u00e4den, die zwischenmenschliche Beziehungen darstellen, wie sie sagt \u2013 verwandelt sich zunehmend in eine Taube, ja eine ganze Schar von Tauben, die dem verlassenen Regisseur auf die Pelle r\u00fccken. (\u2026) Am Schluss taucht sie wieder hinter Fellini ab, seine Filmdiva versinkt wieder. Doch alles nur ein Traum? Ein detailverliebtes St\u00fcck voller Poesie, d\u00fcster, nachdenklich, tragisch, aber auch komisch und auf ganzer Linie unterhaltsam. &#8211; Bietigheimer Zeitung &#8211;<\/p>\n<p><a class=\"fancybox\" href=\"http:\/\/foerderverein-theatersommer.net\/archiv\/wp-content\/uploads\/1.-Stadt-der-Traeume-Frederico-A.-KlaueAnita-A.-Barth-\u00a9Crassie-ThS-2018.jpg\"><img loading=\"lazy\" decoding=\"async\" class=\"alignleft size-thumbnail wp-image-8673\" src=\"http:\/\/foerderverein-theatersommer.net\/archiv\/wp-content\/uploads\/1.-Stadt-der-Traeume-Frederico-A.-KlaueAnita-A.-Barth-\u00a9Crassie-ThS-2018-175x175.jpg\" alt=\"1. Stadt der Traeume (Frederico-A. Klaue, Anita-A. Barth) \u00a9 Crassie ThS 2018\" width=\"175\" height=\"175\" \/><\/a><a class=\"fancybox\" href=\"http:\/\/foerderverein-theatersommer.net\/archiv\/wp-content\/uploads\/2.-Stadt-der-Traeume-Frederico-A.-KlaueAnita-A.-Barth-\u00a9Crassie-ThS-2018.jpg\"><img loading=\"lazy\" decoding=\"async\" class=\"alignleft size-thumbnail wp-image-8673\" src=\"http:\/\/foerderverein-theatersommer.net\/archiv\/wp-content\/uploads\/2.-Stadt-der-Traeume-Frederico-A.-KlaueAnita-A.-Barth-\u00a9Crassie-ThS-2018-175x175.jpg\" alt=\"2. Stadt der Traeume (Frederico-A. Klaue, Anita-A. Barth) \u00a9 Crassie ThS 2018\" width=\"175\" height=\"175\" \/><\/a><a class=\"fancybox\" href=\"http:\/\/foerderverein-theatersommer.net\/archiv\/wp-content\/uploads\/3.-Stadt-der-Traeume-Frederico-A.-KlaueAnita-A.-Barth-\u00a9Crassie-ThS-2018.jpg\"><img loading=\"lazy\" decoding=\"async\" class=\"alignleft size-thumbnail wp-image-8674\" src=\"http:\/\/foerderverein-theatersommer.net\/archiv\/wp-content\/uploads\/3.-Stadt-der-Traeume-Frederico-A.-KlaueAnita-A.-Barth-\u00a9Crassie-ThS-2018-175x175.jpg\" alt=\"3. Stadt der Traeume (Frederico-A. Klaue:Anita-A. Barth) \u00a9Crassie ThS 2018\" width=\"175\" height=\"175\" \/><\/a><a class=\"fancybox\" href=\"http:\/\/foerderverein-theatersommer.net\/archiv\/wp-content\/uploads\/4.-Stadt-der-Traeume-Frederico-A.-KlaueAnita-A.-Barth-\u00a9Crassie-ThS-2018.jpg\"><img loading=\"lazy\" decoding=\"async\" class=\"alignleft size-thumbnail wp-image-8675\" src=\"http:\/\/foerderverein-theatersommer.net\/archiv\/wp-content\/uploads\/4.-Stadt-der-Traeume-Frederico-A.-KlaueAnita-A.-Barth-\u00a9Crassie-ThS-2018-175x175.jpg\" alt=\"4. Stadt der Traeume (Frederico-A. Klaue, Anita-A. Barth) \u00a9 Crassie ThS 2018\" width=\"175\" height=\"175\" \/><\/a><a class=\"fancybox\" href=\"http:\/\/foerderverein-theatersommer.net\/archiv\/wp-content\/uploads\/5.-Stadt-der-Traeume-Frederico-A.-KlaueAnita-A.-Barth-\u00a9Crassie-ThS-2018.jpg\"><img loading=\"lazy\" decoding=\"async\" class=\"alignleft size-thumbnail wp-image-8677\" src=\"http:\/\/foerderverein-theatersommer.net\/archiv\/wp-content\/uploads\/5.-Stadt-der-Traeume-Frederico-A.-KlaueAnita-A.-Barth-\u00a9Crassie-ThS-2018-175x175.jpg\" alt=\"5. Stadt der Traeume (Frederico-A. Klaue, Anita-A. Barth) \u00a9 Crassie ThS 2018\" width=\"175\" height=\"175\" \/><\/a><a class=\"fancybox\" href=\"http:\/\/foerderverein-theatersommer.net\/archiv\/wp-content\/uploads\/6.-Stadt-der-Traeume-Frederico-A.-KlaueAnita-A.-Barth-\u00a9Crassie-ThS-2018.jpg\"><img loading=\"lazy\" decoding=\"async\" class=\"alignleft size-thumbnail wp-image-8676\" src=\"http:\/\/foerderverein-theatersommer.net\/archiv\/wp-content\/uploads\/6.-Stadt-der-Traeume-Frederico-A.-KlaueAnita-A.-Barth-\u00a9Crassie-ThS-2018-175x175.jpg\" alt=\"6. Stadt der Traeume (Frederico-A. Klaue, Anita-A. Barth) \u00a9 Crassie ThS 2018\" width=\"175\" height=\"175\" \/><\/a><\/p>\n<p>&nbsp;<\/p>\n<p>&nbsp;<\/p>\n<p>&nbsp;<\/p>\n<p>&nbsp;<\/p>\n<p><span style=\"font-size: 8pt;\">Bildvergr\u00f6\u00dferung: Foto anklicken und \u00fcber re\/li Pfeil weiter<br \/>\n<\/span><\/p>\n<p>&nbsp;<\/p>\n<p><span style=\"font-size: 14pt;\"><strong>ZUSCHAUERZAHLEN<\/strong><\/span><br \/>\n2018: 643 Zuschauende<\/p>\n<p><span style=\"text-decoration: underline;\"><span style=\"color: #339966; font-size: 14pt;\"><a style=\"color: #339966;\" title=\"2019 \u2013 How to date a feminist\" href=\"http:\/\/foerderverein-theatersommer.net\/archiv\/spielplan\/ab-2010\/2018-im-weissen-roessl-am-ludwigsee\/\"><strong>N\u00e4chstes St\u00fcck<\/strong><\/a><\/span><\/span><\/p>\n<p><a href=\"http:\/\/foerderverein-theatersommer.net\/archiv\/wp-content\/uploads\/2018-Plakat-Stadt-der-Traeume.jpg\"><img loading=\"lazy\" decoding=\"async\" class=\"alignleft size-large wp-image-10171\" src=\"http:\/\/foerderverein-theatersommer.net\/archiv\/wp-content\/uploads\/2018-Plakat-Stadt-der-Traeume-456x800.jpg\" alt=\"\" width=\"456\" height=\"800\" srcset=\"https:\/\/foerderverein-theatersommer.net\/archiv\/wp-content\/uploads\/2018-Plakat-Stadt-der-Traeume-456x800.jpg 456w, https:\/\/foerderverein-theatersommer.net\/archiv\/wp-content\/uploads\/2018-Plakat-Stadt-der-Traeume-171x300.jpg 171w, https:\/\/foerderverein-theatersommer.net\/archiv\/wp-content\/uploads\/2018-Plakat-Stadt-der-Traeume-768x1348.jpg 768w, https:\/\/foerderverein-theatersommer.net\/archiv\/wp-content\/uploads\/2018-Plakat-Stadt-der-Traeume-550x965.jpg 550w, https:\/\/foerderverein-theatersommer.net\/archiv\/wp-content\/uploads\/2018-Plakat-Stadt-der-Traeume-569x999.jpg 569w, https:\/\/foerderverein-theatersommer.net\/archiv\/wp-content\/uploads\/2018-Plakat-Stadt-der-Traeume.jpg 841w\" sizes=\"(max-width: 456px) 100vw, 456px\" \/><\/a><\/p>\n<p>&nbsp;<\/p>\n<p>&nbsp;<\/p>\n<p>&nbsp;<\/p>\n<p>&nbsp;<\/p>\n<p>&nbsp;<\/p>\n<p>&nbsp;<\/p>\n<p>&nbsp;<\/p>\n<p>&nbsp;<\/p>\n<p>&nbsp;<\/p>\n<p>&nbsp;<\/p>\n<p>&nbsp;<\/p>\n<p>&nbsp;<\/p>\n<p><span style=\"font-size: 8pt;\">Plakatmotiv: \u00a9R. Crassie<\/span><\/p>\n<p>&nbsp;<\/p>\n","protected":false},"excerpt":{"rendered":"<p>STADT DER TR\u00c4UME von Peter Kratz frei nach Fellini-Calvino-Tomeo\u00a0 Durch die magische Stadt! REGIE:\u00a0Peter Kratz KOST\u00dcME: Pina Sophia Starke B\u00dcHNE:&#8230; <span class=\"read-more\"><a href=\"https:\/\/foerderverein-theatersommer.net\/archiv\/spielplan\/ab-2010\/2018-stadt-der-traeume\/\" class=\"button button-darkgray small\"> Continue Reading &rarr; <\/a><\/span><\/p>\n","protected":false},"author":3,"featured_media":10170,"parent":1585,"menu_order":5,"comment_status":"closed","ping_status":"open","template":"","meta":{"footnotes":""},"_links":{"self":[{"href":"https:\/\/foerderverein-theatersommer.net\/archiv\/wp-json\/wp\/v2\/pages\/8946"}],"collection":[{"href":"https:\/\/foerderverein-theatersommer.net\/archiv\/wp-json\/wp\/v2\/pages"}],"about":[{"href":"https:\/\/foerderverein-theatersommer.net\/archiv\/wp-json\/wp\/v2\/types\/page"}],"author":[{"embeddable":true,"href":"https:\/\/foerderverein-theatersommer.net\/archiv\/wp-json\/wp\/v2\/users\/3"}],"replies":[{"embeddable":true,"href":"https:\/\/foerderverein-theatersommer.net\/archiv\/wp-json\/wp\/v2\/comments?post=8946"}],"version-history":[{"count":30,"href":"https:\/\/foerderverein-theatersommer.net\/archiv\/wp-json\/wp\/v2\/pages\/8946\/revisions"}],"predecessor-version":[{"id":10477,"href":"https:\/\/foerderverein-theatersommer.net\/archiv\/wp-json\/wp\/v2\/pages\/8946\/revisions\/10477"}],"up":[{"embeddable":true,"href":"https:\/\/foerderverein-theatersommer.net\/archiv\/wp-json\/wp\/v2\/pages\/1585"}],"wp:featuredmedia":[{"embeddable":true,"href":"https:\/\/foerderverein-theatersommer.net\/archiv\/wp-json\/wp\/v2\/media\/10170"}],"wp:attachment":[{"href":"https:\/\/foerderverein-theatersommer.net\/archiv\/wp-json\/wp\/v2\/media?parent=8946"}],"curies":[{"name":"wp","href":"https:\/\/api.w.org\/{rel}","templated":true}]}}