{"id":9027,"date":"2021-01-13T10:37:55","date_gmt":"2021-01-13T10:37:55","guid":{"rendered":"http:\/\/foerderverein-theatersommer.net\/archiv\/?page_id=9027"},"modified":"2024-05-02T15:17:06","modified_gmt":"2024-05-02T15:17:06","slug":"2018-faust","status":"publish","type":"page","link":"https:\/\/foerderverein-theatersommer.net\/archiv\/spielplan\/ab-2010\/2018-faust\/","title":{"rendered":"<br\/><br\/>2018 &#8211; FAUST:: Mein Helm: Mein Brustkorb<br\/><br\/>"},"content":{"rendered":"<p><strong><span style=\"font-size: 18pt;\">FAUST::MEIN HELM: MEIN BRUSTKORB<\/span><br \/>\n<\/strong>Ein Cover-Drama von Werner Schwab sehr frei nach Goethes &#8222;Faust&#8220;<\/p>\n<p>REGIE: Peter Kratz <br \/>\nKOST\u00dcM: Pina Sophia Starke<br \/>\nB\u00dcHNE: Enno Craiss<\/p>\n<p>BESETZUNG: Bernadette Hug, Christine Last, Bernhard Linke, Andreas Klaue, Stefan Roschy<\/p>\n<h3><span style=\"font-size: 24pt;\">\u201eIch behandle Sprache wie ein Bildhauer.\u201c<span style=\"font-size: 12pt;\">&#8211; W. Schwab &#8211;<\/span><\/span><\/h3>\n<p><span style=\"font-size: 14pt;\"><strong>KONZEPTION<\/strong><\/span><br \/>\nEin Klassiker im schlagend neuen Look, der wie von selbst in den Theatersommer strebt. G\u00e4be es einen Guinness-Eintrag f\u00fcr die st\u00e4rkste Pr\u00e4senz auf deutschen B\u00fchnen: Unser aller Ur-Doktor Faust d\u00fcrfte wohl auf ihn hoffen, er m\u00fcsste den Rekord h\u00f6chstens mit Mephisto teilen. Doch Faustens Welt hat sich gewandelt. Verlangen nach Erkenntnis, Seelenhandel? Die Sterblichen von heute hegen andere Zweifel, verfolgen andere Absichten. Da kommt es gelegen, wenn ein begnadeter Gegenwarts-Dramatiker den Fauststoff einmal gr\u00fcndlich renoviert.<span class=\"Apple-converted-space\">\u00a0<\/span><\/p>\n<p>Der Faust 2.0 von Werner Schwab folgt den Hauptlinien des Goetheschen Dramas. Schwab konzentriert sich auf die essentiellen Elemente der Handlung. Das reduzierte Personal besteht aus den bekannten Hauptfiguren, allerdings mit jeweils ver\u00e4ndertem, modernisiertem Profil. Der dramatische Erz\u00e4hlstil spart weder mit Witz und saloppen Reimen noch mit Grobheiten. Die gewohnt spielfreudige, ideenreich gew\u00fcrzte Inszenierung des Theatersommers sorgt dabei f\u00fcr zahlreiche \u00dcberraschungen \u2013 sowie, nicht selten, f\u00fcr mephistophelische Momente mit faustischem Hoppla-Effekt.<span class=\"Apple-converted-space\">\u00a0<\/span><\/p>\n<p>Der \u00d6sterreicher Werner Schwab (1958 geboren, 1994 zu fr\u00fch gestorben) hat die Theaterwelt bereits in den Neunzigerjahren kraftvoll umgekrempelt. Mit stets neuen Provokationen setzt er sich \u2013 ewig strebend! \u2013 von s\u00e4mtlichen Traditionen und Schemata ab, auch von den g\u00e4ngigen moderneren. Schwab passt in keine Schublade. Er z\u00fcndet Wortfeuerwerke und schafft dichtgef\u00fcgte, assoziative Sprachbilder, dr\u00fcckt jedem Dialog seinen unverwechselbaren Stempel auf.<span class=\"Apple-converted-space\">\u00a0<\/span><\/p>\n<p><span style=\"font-size: 14pt;\"><strong>PRESSESTIMMEN<\/strong><\/span><br \/>\n<b>Faust und seine spannenden R\u00e4tsel<br \/>\n<\/b>\u201eEine Gratwanderung haben Kratz und sein Ensemble angetreten, als man sich f\u00fcr eine Version des \u201eFaust\u201c in der Bearbeitung des genialen Werner Schwab entschieden hat. (\u2026) Fantasie, die Hauptw\u00fcrze des Theatersommers durch alle Jahre und theatralen Abenteuer, macht auch diesen Abend wieder zum Erlebnis. Das Wagnis gelingt, weil Kratz ein H\u00e4ndchen daf\u00fcr hat, auch solch schwierige Szenen und Texte leicht zu machen,\u00a0 sie auf die Ebene des verwunschenen Gartens zu transponieren, auch das R\u00e4tsel, dass sich bei dieser Auff\u00fchrung so manchem stellt, bunt und farbenfroh zu machen. Ein St\u00fcck auf die B\u00fchne gestellt, das der Traditionsb\u00fchne im Herzen der Stadt einmal mehr neue T\u00fcren aufst\u00f6\u00dft, neue R\u00e4ume \u00f6ffnet und neue Facetten der bunten Theaterwelt erobert. \u201e &#8211; LKZ &#8211;<\/p>\n<p><b>Ohne Reiz ist das nicht.<br \/>\n<\/b>\u201e Schwab hat die Handlung m\u00e4chtig durchgesch\u00fcttelt. (\u2026) Bestechend sind Schwabs sarkastische Wortsch\u00f6pfungen. (\u2026) Peter Kratz hat es mit viel K\u00f6rperkomik inszeniert, doch die Handlung bleibt r\u00e4tselhaft. Es scheint, als existierten die Personen nur noch im Sprechen, im meistens w\u00fctend-aggressiven Gegeneinander. Ohne Reiz ist das nicht.\u201c &#8211; Stuttgarter Zeitung &#8211;\u00a0<\/p>\n<p><b>Unterhaltsam und kurzweilig<br \/>\n<\/b>\u201eSchwabs Wortsch\u00f6pfungen, aneinandergereiht wie eine Kette, deren Perlen pl\u00f6tzlich auf den Boden fallen, sind schwer nachzuvollziehen: \u201eGetriebenheitslaberer, Salbungsvollverfetteter, fantasiefig\u00fcrlich, Unsinnslied oder Angstaroma. Doch: Das St\u00fcck ist unterhaltsam und kurzweilig. Und das ist das Verdienst der Inszenierung durch Peter Kratz. (\u2026) Das Spiel der f\u00fcnf Darsteller ist eine Augenweide.\u201c &#8211; Bietigheimer Zeitung &#8211;\u00a0<\/p>\n<p><a class=\"fancybox\" href=\"http:\/\/foerderverein-theatersommer.net\/archiv\/wp-content\/uploads\/1.-2018-Faust-FaustA.-Klaue.jpg\"><img loading=\"lazy\" decoding=\"async\" class=\"alignleft size-thumbnail wp-image-8673\" title=\"Faust in Badewanne (Faust\/A. Klaue) - ThS 2018 - Foto: \u00a9 by Robert Crassie\" src=\"http:\/\/foerderverein-theatersommer.net\/archiv\/wp-content\/uploads\/1.-2018-Faust-FaustA.-Klaue-175x175.jpg\" alt=\"1.Faust (A. Klaue)\" width=\"175\" height=\"175\" \/><\/a><a class=\"fancybox\" href=\"http:\/\/foerderverein-theatersommer.net\/archiv\/wp-content\/uploads\/2.-2018-Faust-Bad-im-Traum-der-SpracheEnsemble.jpg\"><img loading=\"lazy\" decoding=\"async\" class=\"alignleft size-thumbnail wp-image-8673\" title=\"Bad im Traum der Sprache (Ensemble 2019) - ThS 2018 - Foto: \u00a9 by Robert Crassie\" src=\"http:\/\/foerderverein-theatersommer.net\/archiv\/wp-content\/uploads\/2.-2018-Faust-Bad-im-Traum-der-SpracheEnsemble-175x175.jpg\" alt=\"2.Bad im Traum der Sprache\" width=\"175\" height=\"175\" \/><\/a><a class=\"fancybox\" href=\"http:\/\/foerderverein-theatersommer.net\/archiv\/wp-content\/uploads\/3.-2018-Faust-MartheB.-Hug.jpg\"><img loading=\"lazy\" decoding=\"async\" class=\"alignleft size-thumbnail wp-image-8674\" title=\"Weltspiel (Marthe\/B.Hug) - ThS 2018 - Foto: \u00a9 by Robert Crassie\" src=\"http:\/\/foerderverein-theatersommer.net\/archiv\/wp-content\/uploads\/3.-2018-Faust-MartheB.-Hug-175x175.jpg\" alt=\"3. Marthe (B. Hug)\" width=\"175\" height=\"175\" \/><\/a><a class=\"fancybox\" href=\"http:\/\/foerderverein-theatersommer.net\/archiv\/wp-content\/uploads\/4.-2018-Faust-WagnerS.Roschy-FaustA.-Klaue.jpg\"><img loading=\"lazy\" decoding=\"async\" class=\"alignleft size-thumbnail wp-image-8675\" title=\"Famulus und Meister (Wagner\/S. Roschy, Faust\/A. Klaue) - ThS 2018 - Foto: \u00a9 by Robert Crassie\" src=\"http:\/\/foerderverein-theatersommer.net\/archiv\/wp-content\/uploads\/4.-2018-Faust-WagnerS.Roschy-FaustA.-Klaue-175x175.jpg\" alt=\"4. Wagner und Faust (S.Roschy\/A. Klaue)\" width=\"175\" height=\"175\" \/><\/a><a class=\"fancybox\" href=\"http:\/\/foerderverein-theatersommer.net\/archiv\/wp-content\/uploads\/5.-2018-Faust-ChorEnsemble-FaustA.-Klaue.jpg\"><img loading=\"lazy\" decoding=\"async\" class=\"alignleft size-thumbnail wp-image-8677\" title=\"Faust mit Chor (Faust\/A. Klaue, Ensemble) - ThS 2018 - Foto: @ by Robert Crassie\" src=\"http:\/\/foerderverein-theatersommer.net\/archiv\/wp-content\/uploads\/5.-2018-Faust-ChorEnsemble-FaustA.-Klaue-175x175.jpg\" alt=\"5.Faust mit Chor (A. Klaue\/Ensemble)\" width=\"175\" height=\"175\" \/><\/a><a class=\"fancybox\" href=\"http:\/\/foerderverein-theatersommer.net\/archiv\/wp-content\/uploads\/6.-2018-Faust-GretchenC.Brand-MephistoB.-Linke.jpg\"><img loading=\"lazy\" decoding=\"async\" class=\"alignleft size-thumbnail wp-image-8676\" title=\"Faust, Gretchen und Mephisto (A. Klaue\/C. Brand\/B. Linke)\" src=\"http:\/\/foerderverein-theatersommer.net\/archiv\/wp-content\/uploads\/6.-2018-Faust-GretchenC.Brand-MephistoB.-Linke-175x175.jpg\" alt=\"6.Faust, Gretchen &amp; Mephisto (A. Klaue\/C.Brand \/B. Linke)\" width=\"175\" height=\"175\" \/><\/a><\/p>\n<p>&nbsp;<\/p>\n<p>&nbsp;<\/p>\n<p>&nbsp;<\/p>\n<p>&nbsp;<\/p>\n<p><span style=\"font-size: 8pt;\">Bildvergr\u00f6\u00dferung: Foto anklicken und \u00fcber re\/li Pfeil weiter<\/span><\/p>\n<p>&nbsp;<\/p>\n<p><span style=\"font-size: 14pt;\"><strong>ZUSCHAUERZAHLEN<\/strong><\/span><br \/>\n2018: 2.695 Zuschauende<\/p>\n<p><span style=\"text-decoration: underline;\"><span style=\"color: #339966; font-size: 14pt;\"><a style=\"color: #339966;\" title=\"2018 \u2013 Stadt der Tr\u00e4ume\" href=\"http:\/\/foerderverein-theatersommer.net\/archiv\/spielplan\/ab-2010\/2018-stadt-der-traeume\/\"><strong>N\u00e4chstes St\u00fcck<\/strong><\/a><\/span><\/span><\/p>\n<p><a href=\"http:\/\/foerderverein-theatersommer.net\/archiv\/wp-content\/uploads\/2018-Faust-Plakat-WEB.jpg\"><img loading=\"lazy\" decoding=\"async\" class=\"alignleft size-large wp-image-10173\" src=\"http:\/\/foerderverein-theatersommer.net\/archiv\/wp-content\/uploads\/2018-Faust-Plakat-WEB-408x800.jpg\" alt=\"\" width=\"408\" height=\"800\" srcset=\"https:\/\/foerderverein-theatersommer.net\/archiv\/wp-content\/uploads\/2018-Faust-Plakat-WEB-408x800.jpg 408w, https:\/\/foerderverein-theatersommer.net\/archiv\/wp-content\/uploads\/2018-Faust-Plakat-WEB-153x300.jpg 153w, https:\/\/foerderverein-theatersommer.net\/archiv\/wp-content\/uploads\/2018-Faust-Plakat-WEB-510x999.jpg 510w, https:\/\/foerderverein-theatersommer.net\/archiv\/wp-content\/uploads\/2018-Faust-Plakat-WEB.jpg 603w\" sizes=\"(max-width: 408px) 100vw, 408px\" \/><\/a><\/p>\n<p>&nbsp;<\/p>\n<p>&nbsp;<\/p>\n<p>&nbsp;<\/p>\n<p>&nbsp;<\/p>\n<p>&nbsp;<\/p>\n<p>&nbsp;<\/p>\n<p>&nbsp;<\/p>\n<p>&nbsp;<\/p>\n<p>&nbsp;<\/p>\n<p>&nbsp;<\/p>\n<p>&nbsp;<\/p>\n<p>&nbsp;<\/p>\n<p><span style=\"font-size: 8pt;\">Plakatmotiv: \u00a9 R. Crassie<\/span><\/p>\n","protected":false},"excerpt":{"rendered":"<p>FAUST::MEIN HELM: MEIN BRUSTKORB Ein Cover-Drama von Werner Schwab sehr frei nach Goethes &#8222;Faust&#8220; REGIE: Peter Kratz KOST\u00dcM: Pina Sophia&#8230; <span class=\"read-more\"><a href=\"https:\/\/foerderverein-theatersommer.net\/archiv\/spielplan\/ab-2010\/2018-faust\/\" class=\"button button-darkgray small\"> Continue Reading &rarr; <\/a><\/span><\/p>\n","protected":false},"author":3,"featured_media":10159,"parent":1585,"menu_order":8,"comment_status":"closed","ping_status":"closed","template":"","meta":{"footnotes":""},"_links":{"self":[{"href":"https:\/\/foerderverein-theatersommer.net\/archiv\/wp-json\/wp\/v2\/pages\/9027"}],"collection":[{"href":"https:\/\/foerderverein-theatersommer.net\/archiv\/wp-json\/wp\/v2\/pages"}],"about":[{"href":"https:\/\/foerderverein-theatersommer.net\/archiv\/wp-json\/wp\/v2\/types\/page"}],"author":[{"embeddable":true,"href":"https:\/\/foerderverein-theatersommer.net\/archiv\/wp-json\/wp\/v2\/users\/3"}],"replies":[{"embeddable":true,"href":"https:\/\/foerderverein-theatersommer.net\/archiv\/wp-json\/wp\/v2\/comments?post=9027"}],"version-history":[{"count":24,"href":"https:\/\/foerderverein-theatersommer.net\/archiv\/wp-json\/wp\/v2\/pages\/9027\/revisions"}],"predecessor-version":[{"id":10476,"href":"https:\/\/foerderverein-theatersommer.net\/archiv\/wp-json\/wp\/v2\/pages\/9027\/revisions\/10476"}],"up":[{"embeddable":true,"href":"https:\/\/foerderverein-theatersommer.net\/archiv\/wp-json\/wp\/v2\/pages\/1585"}],"wp:featuredmedia":[{"embeddable":true,"href":"https:\/\/foerderverein-theatersommer.net\/archiv\/wp-json\/wp\/v2\/media\/10159"}],"wp:attachment":[{"href":"https:\/\/foerderverein-theatersommer.net\/archiv\/wp-json\/wp\/v2\/media?parent=9027"}],"curies":[{"name":"wp","href":"https:\/\/api.w.org\/{rel}","templated":true}]}}