{"id":9231,"date":"2021-01-20T09:13:08","date_gmt":"2021-01-20T09:13:08","guid":{"rendered":"http:\/\/foerderverein-theatersommer.net\/archiv\/?page_id=9231"},"modified":"2024-05-02T15:21:27","modified_gmt":"2024-05-02T15:21:27","slug":"2019-steppenwolf","status":"publish","type":"page","link":"https:\/\/foerderverein-theatersommer.net\/archiv\/spielplan\/ab-2010\/2019-steppenwolf\/","title":{"rendered":"<br\/>2019 &#8211; Steppenwolf<br\/><br\/><br\/><br\/>"},"content":{"rendered":"<p><strong><span style=\"font-size: 18pt;\">DER STEPPENWOLF<\/span><\/strong><br \/>\nvon Hermann Hesse in einer Bearbeitung von J. Lux\u00a0<br \/>\n<span style=\"font-size: 10pt;\">F\u00fcr den Theatersommer dramaturgisch und szenisch eingerichtet von Peter Kratz<\/span><\/p>\n<h3><span style=\"font-size: 24pt;\"><b>Nur f\u00fcr Verr\u00fcckte! &#8211; Alle bleibt ziemlich anders\u2026<\/b><\/span><\/h3>\n<p>INSZENIERUNG: Peter Kratz<br \/>\nKOST\u00dcME: Penelope Co\u00e7ar<br \/>\nB\u00dcHNE: Enno Craiss<br \/>\nMIT:<strong>\u00a0<\/strong>Tina Eberhard, Bernadette Hug, Andreas Klaue, Dr. K.<\/p>\n<p><span style=\"font-size: 14pt;\"><strong>KONZEPTION<\/strong><\/span><br \/>\nNur f\u00fcr Verr\u00fcckte: Dies zeitlos hintersinnige Motto mei\u00dfelte Hermann Hesse gleichsam ans Eingangsportal seiner Erz\u00e4hlung \u201eDer Steppenwolf\u201c. Deren titelgebender, wild gespaltener Hauptheld Harry Haller sollte zu einer der gro\u00dfen literarischen Figuren der Moderne aufsteigen, seine Aufzeichnungen zum modellartigen Psychogramm des Heute-Menschen.<\/p>\n<p>Karriere hat Harry Haller auch im Theatersommer bereits gemacht, in der einzigen von Hesses Erben genehmigten B\u00fchnenfassung. Aufbauend auf der Idee der Teilung des Helden in zwei Figuren \u2013 den Schriftsteller Haller und Harry, sein antib\u00fcrgerliches Spiegelbild \u2013 wagt nun die stark \u00fcberarbeitete Inszenierung 2019 eine markante Verschiebung der Akzente und bringt definitiv neue Energie ins Geschehen. Zum einen wird die Rebellion weiblich, mit allen Konsequenzen. Es sind jetzt Mann und Frau, die hier in raffinierter Weise mit- und gegeneinander operieren.<\/p>\n<p>An der Seite von Andreas Klaue steht, als Hallers provokante weibliche Egoh\u00e4lfte und \u201eSteppenw\u00f6lfin\u201c, die zweifach mit dem Darstellerpreis der Schauspielb\u00fchnen Stuttgart ausgezeichnete Tina Eberhardt. Der Auftritt dieses vereinten weiblich-m\u00e4nnlichen \u201eIch\u201c schl\u00e4gt auch neue Funken in den Beziehungen zu den \u00fcbrigen Akteuren. Hinzu kommt: Die eigens f\u00fcr die Inszenierung komponierte Musik von John King begleitet zentrale Passagen live und spielt dadurch noch sinnf\u00e4lliger ins Geschehen hinein.<\/p>\n<p>So verbinden sich Klassiker und Experiment durch typische Theatersommer-Magie zum wuchtigen, intensiven B\u00fchnenerlebnis \u2013 gew\u00fcrzt mit viel Spielwitz und befreiendem Lachen, ganz im Sinne des Autors Hesse.<\/p>\n<p><span style=\"font-size: 14pt;\"><strong>PRESSESTIMMEN\u00a0<br \/>\n<\/strong><\/span><b>Ein wunderbares Trio<br \/>\n<\/b>&#8222;Es war schon eine dramaturgische Meisterleistung von Theatersommer-Intendant Peter Kratz, diesen m\u00e4andernden Roman erstmals 2006 auf die B\u00fchne im Cluss-Garten zu bringen. Der Clou dabei war, dass er die zerrissene Pers\u00f6nlichkeit Hallers in zwei Rollen zerlegte, einmal den b\u00fcrgerlichen Harry Haller und den Steppenwolf, eine Art Alter Ego.<\/p>\n<p>Die \u00fcberaus gelungene und erfolgreiche Inszenierung erfuhr schon 2007 und 2009 Wiederaufnahmen. F\u00fcr die diesj\u00e4hrige partielle Neuinszenierung hat er sich als L\u00f6sung ausgedacht, die Rolle des Steppenwolfes weiblich zu besetzen. Und tats\u00e4chlich hat sich gezeigt, das St\u00fcck hat sich dadurch auch deutlich ver\u00e4ndert. Was auch im Hinblick auf die derzeit aktuelle Genderdebatte interessant und f\u00fcr das Theater logisch erscheint. In Tina Eberhardt hat Kratz auch eine Darstellerin gefunden, die der Rolle so viel neues, eigenes Gepr\u00e4ge gibt, dass es nicht \u00fcbertrieben ist, von einer partiellen Neuinszenierung zu sprechen. Tina Eberhardt, die versierte B\u00fchnendarstellerin, meist mit etwas strengen, ernsten Rollen besetzt, schafft scheinbar m\u00fchelos, sich auf die spezielle Art des Theaters im verwilderten Garten einzustellen. Ihren Steppenwolf kann man sowohl zwischen m\u00e4nnlichen und weiblichen Komponenten erleben, aber durchaus auch im Niemandsland zwischen den Geschlechtern \u2013 eine kryptische und dann wieder glasklare Figur, gew\u00fcrzt mit den gewohnten Theatersommer- Attit\u00fcden, dem speziellen Humor, den weiten Wegen auf der breiten B\u00fchne, dem Verschwinden im neuen B\u00fchnenbild oder im Geb\u00fcsch, dem vollen, sportlichen K\u00f6rpereinsatz.<\/p>\n<p>Aber nat\u00fcrlich nicht nur das. Auch im Zusammenspielmit Andreas Klaue, der seine Rolle des verunsicherten, im Grunde verschreckten Haller auch noch ein wenig tapsiger anlegt und so die Unterschiede zu den damenhaft eleganten Bewegungen von Tina Eberhardt noch besser herausarbeitet. Die beiden haben tats\u00e4chlich eine neue Ebene f\u00fcr ihren dialogischen inneren Monolog der Figur gefunden, der zwar v\u00f6llig anders, aber nicht weniger stimmig ist als der in der Ursprungsinszenierung. Hier treffen zwei Klassedarsteller aufeinander, die der Figur zwischen schizoiden Komponenten und dem ganz normalen Seelenkarussell der Stimmungen, der W\u00fcnsche und Begierden unglaublich viele Konturen verleihen.<\/p>\n<p>Ebenfalls ein Gewinn ist Bernadette Hug in der Rolle Frauen um Haller, Hermine und Maria, die einen wesentlichen Input liefert, wie man zumindest nach den Jahren meint auch betont st\u00e4rker als in den bisherigen Vorstellungen mit anderen Schauspielerinnen. Mal lasziv, dann wieder m\u00fctterlich sorgt sie daf\u00fcr, dass diese Auff\u00fchrung auch etwas Goethes Faust mitbekommt, ein Verh\u00e4ltnis wie zwischen Mephisto und Faust, wie der F\u00fchrer f\u00fcr den Suchenden in einer f\u00fcr ihn geheimnisvollen, fremden Welt. So wird aus dem Duett, welches das St\u00fcck fr\u00fcher war, ein wunderbares Trio.<\/p>\n<p>Eines, in dem Andreas Klaue es schafft, sowohl mit Tina Eberhardt als auch mit Bernadette Hug eine enge schauspielerische Bindung einzugehen, die das komplexe Geschehen \u2013 das dem Zuschauer kein Abschalten erlaubt, sofern er den Details folgen m\u00f6chte, und das sowohl intellektuell als auch emotional den Besucher direkt anspricht, fesselt und einbezieht \u2013 erst vollkommen durchschaubar und nachvollziehbar macht. Wobei es seine Geheimnisse, seine Interpretationsm\u00f6glichkeiten nicht preisgibt und letztlich sehr bewusst auf eine Katharsis verzichtet. Die Welt wird schlie\u00dflich nicht besser, die Menschen bleiben gespalten.&#8220; &#8211; LKZ &#8211;\u00a0<\/p>\n<p><a class=\"fancybox\" href=\"http:\/\/foerderverein-theatersommer.net\/archiv\/wp-content\/uploads\/1.-Magic-Theatre-Hermine-B.Hug-\u00a9ThS-by-Crassie.jpg\"><img loading=\"lazy\" decoding=\"async\" class=\"alignleft wp-image-8672 size-thumbnail\" title=\"Hermine (B. Hug) - ThS 2019 - Foto: \u00a9 by Robert Crassie\" src=\"http:\/\/foerderverein-theatersommer.net\/archiv\/wp-content\/uploads\/1.-Magic-Theatre-Hermine-B.Hug-\u00a9ThS-by-Crassie-175x175.jpg\" alt=\"Hermine (B.Hug) - ThS 2019 - Foto: \u00a9 by Robert Crassie\" width=\"175\" height=\"175\" \/><\/a><a class=\"fancybox\" href=\"http:\/\/foerderverein-theatersommer.net\/archiv\/wp-content\/uploads\/2.-Ekstase-Haller-A.-Klaue-Maria-B.Hug-\u00a9ThS-by-Crassie.jpg\"><img loading=\"lazy\" decoding=\"async\" class=\"alignleft size-thumbnail wp-image-8673\" title=\"Ekstase (Haller\/A. Klaue, Maria\/B. Hug) - ThS2019 - Foto: \u00a9 by Robert Crassie\" src=\"http:\/\/foerderverein-theatersommer.net\/archiv\/wp-content\/uploads\/2.-Ekstase-Haller-A.-Klaue-Maria-B.Hug-\u00a9ThS-by-Crassie-175x175.jpg\" alt=\"Ekstase (Haller\/A. Klaue, Maria\/B. Hug) - ThS2019 - Foto: \u00a9 by Crassie\" width=\"175\" height=\"175\" \/><\/a><a class=\"fancybox\" href=\"http:\/\/foerderverein-theatersommer.net\/archiv\/wp-content\/uploads\/3.-Augen-zu-Hermine-B.-Hug-Haller-A.-Klaue-\u00a9ThS-by-Crassie-Kopie.jpg\"><img loading=\"lazy\" decoding=\"async\" class=\"alignleft size-thumbnail wp-image-8674\" title=\"Augen zu! (Hermine\/ B. Hug), Haller\/ A. Klaue) -ThS 2019 - Foto: \u00a9 by Robert Crassie\" src=\"http:\/\/foerderverein-theatersommer.net\/archiv\/wp-content\/uploads\/3.-Augen-zu-Hermine-B.-Hug-Haller-A.-Klaue-\u00a9ThS-by-Crassie-Kopie-175x175.jpg\" alt=\"Augen zu! (Hermine\/ B. Hug), Haller\/ A. Klaue) -ThS 2019 - Foto: \u00a9 by Robert Crassie\" width=\"175\" height=\"175\" \/><\/a><a class=\"fancybox\" href=\"http:\/\/foerderverein-theatersommer.net\/archiv\/wp-content\/uploads\/4.-Tuer-zum-Jenseits-Harry-T.-Eberhardt-Haller-A.-Klaue-\u00a9ThS-by-Crassie-Kopie.jpg\"><img loading=\"lazy\" decoding=\"async\" class=\"alignleft size-thumbnail wp-image-8675\" title=\"T\u00fcr zum Jenseits (Harry\/ T. Eberhardt, Haller\/ A. Klaue) - ThS 2019 - Foto: \u00a9 by Robert Crassie\" src=\"http:\/\/foerderverein-theatersommer.net\/archiv\/wp-content\/uploads\/4.-Tuer-zum-Jenseits-Harry-T.-Eberhardt-Haller-A.-Klaue-\u00a9ThS-by-Crassie-Kopie-175x175.jpg\" alt=\"T\u00fcr zum Jenseits (Harry\/ T. Eberhardt, Haller\/ A. Klaue) - ThS 2019 - Foto: \u00a9 by Robert Crassie\" width=\"175\" height=\"175\" \/><\/a><a class=\"fancybox\" href=\"http:\/\/foerderverein-theatersommer.net\/archiv\/wp-content\/uploads\/5.-Pablo-with-magic-Theremin-hands-Dr.-K.-\u00a9ThS-by-Crassie.jpg\"><img loading=\"lazy\" decoding=\"async\" class=\"alignleft size-thumbnail wp-image-8677\" title=\"Pablo with magic Theremin hands (Dr. K.) - ThS 2019 - Foto: \u00a9 by Robert Crassie\" src=\"http:\/\/foerderverein-theatersommer.net\/archiv\/wp-content\/uploads\/5.-Pablo-with-magic-Theremin-hands-Dr.-K.-\u00a9ThS-by-Crassie-175x175.jpg\" alt=\"Pablo with magic Theremin hands (Dr. K.) - ThS 2019 - Foto: \u00a9 by Robert Crassie\" width=\"175\" height=\"175\" \/><\/a><a class=\"fancybox\" href=\"http:\/\/foerderverein-theatersommer.net\/archiv\/wp-content\/uploads\/6.-Steppenwolf-Dressur-Harry-T.-Eberhardt-\u00a9ThS-by-Crassie-Kopie.jpg\"><img loading=\"lazy\" decoding=\"async\" class=\"alignleft size-thumbnail wp-image-8676\" title=\"Steppenwolf Dressur (Harry\/ T. Eberhardt) -ThS 2019 - Foto: \u00a9 by Robert Crassie\" src=\"http:\/\/foerderverein-theatersommer.net\/archiv\/wp-content\/uploads\/6.-Steppenwolf-Dressur-Harry-T.-Eberhardt-\u00a9ThS-by-Crassie-Kopie-175x175.jpg\" alt=\"Steppenwolf Dressur (Harry\/ T. Eberhardt) -ThS 2019 - Foto: \u00a9 by Robert Crassie\" width=\"175\" height=\"175\" \/><\/a><\/p>\n<p>&nbsp;<\/p>\n<p>&nbsp;<\/p>\n<p>&nbsp;<\/p>\n<p>&nbsp;<\/p>\n<p><span style=\"font-size: 8pt;\">Bildvergr\u00f6\u00dferung: Foto anklicken und \u00fcber re\/li Pfeil weiter<\/span><\/p>\n<p>&nbsp;<\/p>\n<p><span style=\"font-size: 14pt;\"><strong>ZUSCHAUERZAHLEN<\/strong><\/span><br \/>\n2019: 1.474 Zuschauende<\/p>\n<p><span style=\"text-decoration: underline;\"><span style=\"color: #339966;\"><strong><span style=\"font-size: 14pt;\"><a style=\"color: #339966; text-decoration: underline;\" title=\"2020 \u2013 Cyrano\" href=\"http:\/\/foerderverein-theatersommer.net\/archiv\/spielplan\/ab-2010\/2020-cyrano\/\">N\u00e4chstes St\u00fcck<\/a><\/span><\/strong><\/span><\/span><\/p>\n<p><a href=\"http:\/\/foerderverein-theatersommer.net\/archiv\/wp-content\/uploads\/2019-Plakat-Steppenwolf.jpg\"><img loading=\"lazy\" decoding=\"async\" class=\"alignleft size-large wp-image-10193\" src=\"http:\/\/foerderverein-theatersommer.net\/archiv\/wp-content\/uploads\/2019-Plakat-Steppenwolf-425x800.jpg\" alt=\"\" width=\"425\" height=\"800\" srcset=\"https:\/\/foerderverein-theatersommer.net\/archiv\/wp-content\/uploads\/2019-Plakat-Steppenwolf-425x800.jpg 425w, https:\/\/foerderverein-theatersommer.net\/archiv\/wp-content\/uploads\/2019-Plakat-Steppenwolf-159x300.jpg 159w, https:\/\/foerderverein-theatersommer.net\/archiv\/wp-content\/uploads\/2019-Plakat-Steppenwolf-530x999.jpg 530w, https:\/\/foerderverein-theatersommer.net\/archiv\/wp-content\/uploads\/2019-Plakat-Steppenwolf.jpg 653w\" sizes=\"(max-width: 425px) 100vw, 425px\" \/><\/a><\/p>\n<p>&nbsp;<\/p>\n<p>&nbsp;<\/p>\n<p>&nbsp;<\/p>\n<p>&nbsp;<\/p>\n<p>&nbsp;<\/p>\n<p>&nbsp;<\/p>\n<p>&nbsp;<\/p>\n<p>&nbsp;<\/p>\n<p>&nbsp;<\/p>\n<p>&nbsp;<\/p>\n<p>&nbsp;<\/p>\n<p>&nbsp;<\/p>\n<p><span style=\"font-size: 8pt;\">Plakatmotiv: \u00a9 R. Crassie<\/span><\/p>\n","protected":false},"excerpt":{"rendered":"<p>DER STEPPENWOLF von Hermann Hesse in einer Bearbeitung von J. Lux\u00a0 F\u00fcr den Theatersommer dramaturgisch und szenisch eingerichtet von Peter&#8230; <span class=\"read-more\"><a href=\"https:\/\/foerderverein-theatersommer.net\/archiv\/spielplan\/ab-2010\/2019-steppenwolf\/\" class=\"button button-darkgray small\"> Continue Reading &rarr; <\/a><\/span><\/p>\n","protected":false},"author":3,"featured_media":10188,"parent":1585,"menu_order":0,"comment_status":"closed","ping_status":"closed","template":"","meta":{"footnotes":""},"_links":{"self":[{"href":"https:\/\/foerderverein-theatersommer.net\/archiv\/wp-json\/wp\/v2\/pages\/9231"}],"collection":[{"href":"https:\/\/foerderverein-theatersommer.net\/archiv\/wp-json\/wp\/v2\/pages"}],"about":[{"href":"https:\/\/foerderverein-theatersommer.net\/archiv\/wp-json\/wp\/v2\/types\/page"}],"author":[{"embeddable":true,"href":"https:\/\/foerderverein-theatersommer.net\/archiv\/wp-json\/wp\/v2\/users\/3"}],"replies":[{"embeddable":true,"href":"https:\/\/foerderverein-theatersommer.net\/archiv\/wp-json\/wp\/v2\/comments?post=9231"}],"version-history":[{"count":14,"href":"https:\/\/foerderverein-theatersommer.net\/archiv\/wp-json\/wp\/v2\/pages\/9231\/revisions"}],"predecessor-version":[{"id":10479,"href":"https:\/\/foerderverein-theatersommer.net\/archiv\/wp-json\/wp\/v2\/pages\/9231\/revisions\/10479"}],"up":[{"embeddable":true,"href":"https:\/\/foerderverein-theatersommer.net\/archiv\/wp-json\/wp\/v2\/pages\/1585"}],"wp:featuredmedia":[{"embeddable":true,"href":"https:\/\/foerderverein-theatersommer.net\/archiv\/wp-json\/wp\/v2\/media\/10188"}],"wp:attachment":[{"href":"https:\/\/foerderverein-theatersommer.net\/archiv\/wp-json\/wp\/v2\/media?parent=9231"}],"curies":[{"name":"wp","href":"https:\/\/api.w.org\/{rel}","templated":true}]}}