{"id":9303,"date":"2021-01-22T09:38:00","date_gmt":"2021-01-22T09:38:00","guid":{"rendered":"http:\/\/foerderverein-theatersommer.net\/archiv\/?page_id=9303"},"modified":"2024-06-04T16:19:50","modified_gmt":"2024-06-04T16:19:50","slug":"2020-pippi-langstrumpf","status":"publish","type":"page","link":"https:\/\/foerderverein-theatersommer.net\/archiv\/spielplan\/kindertheater\/2020-pippi-langstrumpf\/","title":{"rendered":"<br\/>2020 &#8211; Pippi Langstrumpf<br\/><br\/>"},"content":{"rendered":"<p><span style=\"font-size: 18pt;\"><strong>PIPPI LANGSTRUMPF<\/strong><\/span><br \/>\nvon Astrid Lindgren<br \/>\nIn einer B\u00fchnenfassung von\u00a0Christian Sch\u00f6nfelder<br \/>\n<span style=\"font-size: 10pt;\">F\u00fcr den Theatersommer dramaturgisch und szenisch eingerichtet von Christiane Wolff<\/span><br \/>\n<span style=\"font-size: 10pt;\">Alle Rechte beim Verlag f\u00fcr Kindertheater<\/span><\/p>\n<p>REGIE: Diana Gantner<br \/>\nB\u00dcHNENBILD UND KOST\u00dcME: Leif Erik Heine<br \/>\nMIT: <br \/>\n2020\/21: Stephanie Friedrich, Farina Violetta Giesmann, Lukas Spitzenberg, Christian Werner <br \/>\n2022: Stephanie Friedrich, Farina Violetta Giesmann, Jules Armana, Christian Werner\u00a0<br \/>\n2023: Stephanie Friedrich, Farina Violetta Giesmann, Rasmus Max Wirth, Christian Werner\u00a0<\/p>\n<p><span style=\"font-size: 14pt;\"><strong>KONZEPTION\/INHALT<\/strong><\/span><br \/>\nPippi Langstrumpf lebt den Traum aller Kinder \u2013 genussvoll und anarchisch, kindlich unbek\u00fcmmert, zugleich ohne Eltern vollkommen selbstbestimmt und radikal frei. Mit signalroten Z\u00f6pfen und geringelten Str\u00fcmpfen, als Besitzerin der legend\u00e4ren Villa Kunterbunt, ist sie unter den starken Figuren Astrid Lindgrens die allerunsterblichste. Ihre Geschichten sind Kult, und so war es h\u00f6chste Zeit, sie ins Kindertheater des Theatersommers einzuladen!<\/p>\n<p>Kinder lieben Pippi seit Generationen, weil Pippi einfach alles darf und alles kann. Sie geht ins Bett wann sie will, zum Fr\u00fchst\u00fcck kocht sie f\u00fcr sich und ihre Tiere auch mal Spaghetti, \u00fcber die Polizei macht sie sich ungestraft lustig und B\u00f6sewichte besiegt sie spielend. Jeder Widerstand gegen Pippis frechen Charme ist zwecklos. Mit der gr\u00f6\u00dften Selbstverst\u00e4ndlichkeit erfindet sie phantastische Geschichten, jongliert nach Bedarf sowohl mit Worten als auch mit Tatsachen und verwirrt damit das enge Denken aller Kleinstadtbewohner. Die Villa Kunterbunt ist ihr Heim, sie ist ein Kind, also lebt sie in einem Kinderheim \u2013 da f\u00e4llt der humorlosen \u201eTante\u201c vom Waisenrat nichts mehr ein. Dagegen k\u00f6nnen die Nachbarskinder Annika und Thomas ihr Gl\u00fcck kaum fassen, denn das unbezwingbare, fr\u00f6hliche M\u00e4dchen erweist sich als die beste und gro\u00dfz\u00fcgigste Freundin. \u201eSo eine Freundin will ich auch haben \u2013 oder am besten gleich so sein wie Pippi\u201c, werden alle kleinen Zuschauerinnen und Zuschauer im Theatersommer denken, wenn das gewohnt spielfreudige Ensemble mit einem vergn\u00fcglichen Feuerwerk an Ideen eine Hommage an die liebenswerteste Kinderfigur aller Zeiten feiert.<\/p>\n<p><span style=\"font-size: 14pt;\"><strong>PRESSESTIMMEN<br \/>\n<\/strong><\/span>&#8222;Ein gelungenes Regiedeb\u00fct, eine herrliche Produktion, ein perfekter Stabwechsel, der dabei dann am Samstagnachmittag bei der Premiere von \u201ePippi Langstrumpf\u201c zu sehen war. Christiane Wolff hat noch die szenische Einrichtung von Astrid Lindgrens Welterfolg besorgt, Diana Gantner wurde also nicht ins kalte Wasser geworfen, der \u00dcbergang funktioniert nahtlos und schafft auch unter den erschwerten Bedingungen der Zeit ein wundersch\u00f6nes St\u00fcck, an dem sich auch auf den wegen der Hygieneauflagen d\u00fcnner als \u00fcblich besetzten Zuschauerb\u00e4nken eine pr\u00e4chtige, fr\u00f6hliche Stimmung ausbreitet. (&#8230;)<\/p>\n<p>Diana Gantner inszeniert, wie man sie auch als Schauspielerin kennt: temperamentvoll, direkt, lebhaft, manchmal \u00fcberquellend, mit st\u00e4ndiger Action auf der B\u00fchne. Und so ist auf dem Platz vor der Villa Kunterbunt, aus der immer wieder auch der \u201eKleine Onkel\u201c herausschaut, allerhand geboten. Leif Erik Heine hat wundersch\u00f6ne Kost\u00fcme und ein fantasievoll-funktionales B\u00fchnenbild entworfen, das Gantner mit ihrem vierk\u00f6pfigen Ensemble herrlich lebhaft bespielt. Immer ist irgendetwas geboten, st\u00e4ndig gibt es spannende Ereignisse und Wendungen zu verfolgen, wenn die Nachbarskinder Annika und Thomas auf Pippi treffen.(&#8230;)<\/p>\n<p>Ein homogenes, spielfreudiges Ensemble ein, mit dem Diana Gantner auf vielen Ebenen zu \u00fcberzeugen wei\u00df, so dass Begeisterung und Beifall am Ende kaum merken lassen, dass die B\u00e4nke nur nach der mit Abstandsregel besetzt sind. Dieses St\u00fcck wird mit Sicherheit noch vielen weiteren Zuschauern Freude bereiten.&#8220;<br \/>\n&#8211; Ludwigsburger Kreiszeitung &#8211;<\/p>\n<p><a href=\"http:\/\/foerderverein-theatersommer.net\/archiv\/wp-content\/uploads\/Hippejusse-PippiF.V.-Giesmann-ThS-2020-Foto-Benston-fuer-ThS.jpg\"><img loading=\"lazy\" decoding=\"async\" class=\"alignleft wp-image-7765 size-thumbnail\" title=\"2020 Hippejusse (Pippi\/ F.V. Giesmann) - THS 2020 - Foto \u00a9 by Benjamin Stollenberg\" src=\"http:\/\/foerderverein-theatersommer.net\/archiv\/wp-content\/uploads\/Hippejusse-PippiF.V.-Giesmann-ThS-2020-Foto-Benston-fuer-ThS-175x175.jpg\" alt=\"2020 Hippejusse (Pippi\/ F.V. Giesmann) - THS 2020 - Foto \u00a9 by Benjamin Stollenberg\" width=\"175\" height=\"175\" \/><\/a><a href=\"http:\/\/foerderverein-theatersommer.net\/archiv\/wp-content\/uploads\/Wer-ist-staerker-PippiF.V.-Giesmann-GewichtheberL.-Spitzenberg-ThS-2020-Foto-Benston-fuer-ThS.jpg\"><img loading=\"lazy\" decoding=\"async\" class=\"alignleft wp-image-7766 size-thumbnail\" title=\"2020 Wer ist st\u00e4rker? (Pippi\/ F.V. Giesmann, Gewichtheber\/ L. Spitzenberg) - THS 2020 - Foto \u00a9 by Benjamin Stollenberg\" src=\"http:\/\/foerderverein-theatersommer.net\/archiv\/wp-content\/uploads\/Wer-ist-staerker-PippiF.V.-Giesmann-GewichtheberL.-Spitzenberg-ThS-2020-Foto-Benston-fuer-ThS-175x175.jpg\" alt=\"2020 Wer ist st\u00e4rker? (Pippi\/ F.V. Giesmann, Gewichtheber\/ L. Spitzenberg) - THS 2020 - Foto \u00a9 by Benjamin Stollenberg\" width=\"175\" height=\"175\" \/><\/a><a href=\"http:\/\/foerderverein-theatersommer.net\/archiv\/wp-content\/uploads\/Spass-mit-Einbrecher-PippiF.V.-Giesmann-EinbrecherL.-Spitzenberg-ThS-2020-Foto-Benston-fuer-ThS.jpg\"><img loading=\"lazy\" decoding=\"async\" class=\"alignleft wp-image-7763 size-thumbnail\" title=\"2020 Spa\u00df mit Einbrecher (Pippi\/ F.V. Giesmann, Einbrecher\/ L. Spitzenberg) - THS 2020 - Foto \u00a9 by Benjamin Stollenberg\" src=\"http:\/\/foerderverein-theatersommer.net\/archiv\/wp-content\/uploads\/Spass-mit-Einbrecher-PippiF.V.-Giesmann-EinbrecherL.-Spitzenberg-ThS-2020-Foto-Benston-fuer-ThS-175x175.jpg\" alt=\"2020 Spa\u00df mit Einbrecher (Pippi\/ F.V. Giesmann, Einbrecher\/ L. Spitzenberg) - THS 2020 - Foto \u00a9 by Benjamin Stollenberg\" width=\"175\" height=\"175\" \/><\/a><a href=\"http:\/\/foerderverein-theatersommer.net\/archiv\/wp-content\/uploads\/Wo-ist-Pippi-PippiPolizist-C.-Werner-PolizistinS.-Friedrich-ThS-2020-Foto-Benston-fuer-ThS.jpg\"><img loading=\"lazy\" decoding=\"async\" class=\"alignleft wp-image-7768 size-thumbnail\" title=\"2020 Wo ist Pippi? (Polizist\/ C. Werner, Polizistin\/ S. Friedrich) - THS 2020 - Foto \u00a9 by Benjamin Stollenberg\" src=\"http:\/\/foerderverein-theatersommer.net\/archiv\/wp-content\/uploads\/Wo-ist-Pippi-PippiPolizist-C.-Werner-PolizistinS.-Friedrich-ThS-2020-Foto-Benston-fuer-ThS-175x175.jpg\" alt=\"2020 Wo ist Pippi? (Polizist\/ C. Werner, Polizistin\/ S. Friedrich) - THS 2020 - Foto \u00a9 by Benjamin Stollenberg\" width=\"175\" height=\"175\" \/><\/a><a href=\"http:\/\/foerderverein-theatersommer.net\/archiv\/wp-content\/uploads\/Onkel-hat-Hunger-PippiF.V.-Giesmann-ThS-2020-Foto-Benston-fuer-ThS.jpg\"><img loading=\"lazy\" decoding=\"async\" class=\"alignleft wp-image-7767 size-thumbnail\" title=\"2020 Onkel hat Hunger? (Pippi\/ F. V. Giesmann) - THS 2020 - Foto \u00a9 by Benjamin Stollenberg\" src=\"http:\/\/foerderverein-theatersommer.net\/archiv\/wp-content\/uploads\/Onkel-hat-Hunger-PippiF.V.-Giesmann-ThS-2020-Foto-Benston-fuer-ThS-175x175.jpg\" alt=\"2020 Onkel hat Hunger? (Pippi\/ F. V. Giesmann) - THS 2020 - Foto \u00a9 by Benjamin Stollenberg\" width=\"175\" height=\"175\" \/><\/a><a href=\"http:\/\/foerderverein-theatersommer.net\/archiv\/wp-content\/uploads\/Zirkus-PippiF.V.-Giesmann-DirektorinS.-Friedrich-GewichtheberL.-Spitzenberg-ThS-2020-Foto-Benston-fuer-ThS.jpg\"><img loading=\"lazy\" decoding=\"async\" class=\"alignleft wp-image-7764 size-thumbnail\" title=\"2020 Zirkus (Pippi\/ F. V. Giesmann, Direktorin\/ S. Friedrich, Gewichtheber\/ L. Spitzenberg) - THS 2020 - Foto \u00a9 by Benjamin Stollenberg\" src=\"http:\/\/foerderverein-theatersommer.net\/archiv\/wp-content\/uploads\/Zirkus-PippiF.V.-Giesmann-DirektorinS.-Friedrich-GewichtheberL.-Spitzenberg-ThS-2020-Foto-Benston-fuer-ThS-175x175.jpg\" alt=\"2020 Zirkus (Pippi\/ F. V. Giesmann, Direktorin\/ S. Friedrich, Gewichtheber\/ L. Spitzenberg) - THS 2020 - Foto \u00a9 by Benjamin Stollenberg\" width=\"175\" height=\"175\" \/><\/a><\/p>\n<p>&nbsp;<\/p>\n<p>&nbsp;<\/p>\n<p>&nbsp;<\/p>\n<p>&nbsp;<\/p>\n<p>&nbsp;<\/p>\n<p><span style=\"font-size: 8pt;\">Bildvergr\u00f6\u00dferung: Foto anklicken und \u00fcber re\/li Pfeil weiter<\/span><\/p>\n<p>&nbsp;<\/p>\n<p><strong>ZUSCHAUERZAHLEN<\/strong><br \/>\n2020: \u00a0 \u00a0 \u00a0 1.009 Zuschauer \/ 19 Vorstellungen (*Coronabedingte Kapazit\u00e4t: 48 Pl\u00e4tze)<br \/>\n2021: \u00a0 \u00a0 \u00a0 \u00a01.944 Zuschauer \/ \u00a041 Vorstellungen (*Coronabedingte Kapazit\u00e4t: 48 Pl\u00e4tze)<br \/>\n2022: \u00a0 \u00a0 \u00a0 3.342 Zuschauer \/ 21 Vorstellungen<br \/>\n2023: \u00a0 \u00a0 \u00a0 \u00a02.576 Zuschauende \/ 15 Vorstellungen<br \/>\nGesamt: 8.871 Zuschauende<\/p>\n<p><span style=\"text-decoration: underline; color: #339966;\"><span style=\"font-size: 14pt;\"><a style=\"color: #339966;\" href=\"http:\/\/foerderverein-theatersommer.net\/archiv\/spielplan\/kindertheater\/eine-woche-voller-samstage\/\"><strong>N\u00e4chstes St\u00fcck<\/strong><\/a><\/span><\/span><\/p>\n","protected":false},"excerpt":{"rendered":"<p>PIPPI LANGSTRUMPF von Astrid Lindgren In einer B\u00fchnenfassung von\u00a0Christian Sch\u00f6nfelder F\u00fcr den Theatersommer dramaturgisch und szenisch eingerichtet von Christiane Wolff&#8230; <span class=\"read-more\"><a href=\"https:\/\/foerderverein-theatersommer.net\/archiv\/spielplan\/kindertheater\/2020-pippi-langstrumpf\/\" class=\"button button-darkgray small\"> Continue Reading &rarr; <\/a><\/span><\/p>\n","protected":false},"author":3,"featured_media":10351,"parent":1583,"menu_order":0,"comment_status":"closed","ping_status":"closed","template":"","meta":{"footnotes":""},"_links":{"self":[{"href":"https:\/\/foerderverein-theatersommer.net\/archiv\/wp-json\/wp\/v2\/pages\/9303"}],"collection":[{"href":"https:\/\/foerderverein-theatersommer.net\/archiv\/wp-json\/wp\/v2\/pages"}],"about":[{"href":"https:\/\/foerderverein-theatersommer.net\/archiv\/wp-json\/wp\/v2\/types\/page"}],"author":[{"embeddable":true,"href":"https:\/\/foerderverein-theatersommer.net\/archiv\/wp-json\/wp\/v2\/users\/3"}],"replies":[{"embeddable":true,"href":"https:\/\/foerderverein-theatersommer.net\/archiv\/wp-json\/wp\/v2\/comments?post=9303"}],"version-history":[{"count":12,"href":"https:\/\/foerderverein-theatersommer.net\/archiv\/wp-json\/wp\/v2\/pages\/9303\/revisions"}],"predecessor-version":[{"id":11186,"href":"https:\/\/foerderverein-theatersommer.net\/archiv\/wp-json\/wp\/v2\/pages\/9303\/revisions\/11186"}],"up":[{"embeddable":true,"href":"https:\/\/foerderverein-theatersommer.net\/archiv\/wp-json\/wp\/v2\/pages\/1583"}],"wp:featuredmedia":[{"embeddable":true,"href":"https:\/\/foerderverein-theatersommer.net\/archiv\/wp-json\/wp\/v2\/media\/10351"}],"wp:attachment":[{"href":"https:\/\/foerderverein-theatersommer.net\/archiv\/wp-json\/wp\/v2\/media?parent=9303"}],"curies":[{"name":"wp","href":"https:\/\/api.w.org\/{rel}","templated":true}]}}