{"id":9418,"date":"2021-12-08T10:47:25","date_gmt":"2021-12-08T10:47:25","guid":{"rendered":"http:\/\/foerderverein-theatersommer.net\/archiv\/?page_id=9418"},"modified":"2024-05-02T15:24:45","modified_gmt":"2024-05-02T15:24:45","slug":"die-stunde-da-wir-nichts-voneinander-wussten","status":"publish","type":"page","link":"https:\/\/foerderverein-theatersommer.net\/archiv\/spielplan\/ab-2021\/die-stunde-da-wir-nichts-voneinander-wussten\/","title":{"rendered":"<br\/><br\/>2021 &#8211; Die Stunde da wir nichts voneinander wussten<br\/><br\/>"},"content":{"rendered":"<p><span style=\"font-size: 18pt;\"><strong>DIE STUNDE DA WIR NICHTS VONEINANDER WUSSTEN<\/strong><\/span><br \/>\nEin Schauspiel von Peter Handke<\/p>\n<h3><span style=\"font-size: 24pt;\">Ein gro\u00dfes sommerliches Theatervergn\u00fcgen<\/span><\/h3>\n<p>INSZENIERUNG: Peter Kratz<br \/>\nB\u00dcHNE: Enno Craiss<br \/>\nREGIEASSISTENZ: Jasmin Schmitz<br \/>\nKOST\u00dcME: Julia Schnittger<br \/>\nBESETZUNG: Sergej Czepurnyi, Bernadette Hug, Marius Hubel, Andreas Klaue, Theresa Martini, Lisa Riesner<\/p>\n<p><span style=\"font-size: 14pt;\"><strong>KONZEPTION\/INHALT<\/strong><\/span><br \/>\nDer Schriftsteller Peter Handke ist seit bald f\u00fcnfeinhalb Jahrzehnten eine feste Gr\u00f6\u00dfe in der Gegenwartsliteratur. Handkes Ruhm ebenso wie seine umstrittene Person fanden ihren vorl\u00e4ufigen H\u00f6hepunkt im Literaturnobelpreis 2019.<\/p>\n<p>Das aus dem Jahr 1992 stammende St\u00fcck entfaltet seinen au\u00dfergew\u00f6hnlichen Charme durch den g\u00e4nzlichen Verzicht auf Sprache und Dialog. Dieses h\u00f6chst lebendige und bewegende Schauspiel ist zugleich ein St\u00fcck \u00fcber das Ringen um Verst\u00e4ndigung, das ausschlie\u00dflich auf intensives K\u00f6rpertheater vertraut. Hier kommt alles auf Humor und Dynamik an, auf Timing und Ausdruck im Augenblick, auf den musikalischen Fluss im pr\u00e4zise getakteten Staffellauf der Begegnungen.<span class=\"Apple-converted-space\">\u00a0<\/span><\/p>\n<p>Ein Bravourst\u00fcck, wie gemacht f\u00fcr den Theatersommer, genau jetzt: Was ist f\u00fcr uns, in den Zeiten des erzwungenen Abstands, lebenswichtiger als das Miteinander und der menschliche Kontakt? Der zeitlose Anspruch des St\u00fccks, die Anonymit\u00e4t der Figuren finden ihr Gegenst\u00fcck im \u00fcppigen Gr\u00fcn des Freilichttheaters: Der lebendige, frische Theatergarten \u00fcbernimmt die Rolle des Platzes auf unverwechselbare Weise und kann das Geschehen im besten Sinne erden.<\/p>\n<p>Mit gro\u00dfer Lust auf Verwandlung pr\u00e4sentiert der Theatersommer ein buntes, unterhaltsames Treiben voller Schauwert, zum Genie\u00dfen, Schmunzeln und sich faszinieren lassen.<\/p>\n<p><span style=\"font-size: 14pt;\"><strong>PRESSESTIMMEN<\/strong><\/span><br \/>\n<strong>Theatersommer in bester Manier<br \/>\n<\/strong>\u201eDer Auftakt des Theatersommers ist ein voller Erfolg.\u00a0Die Zuschauer*innen sind am Ende von den Eindr\u00fccken sichtlich beeindruckt, so mancher wird erst im Verlauf der n\u00e4chsten Stunden oder gar Tage all das, was er hier gezeigt bekommen hat, entschl\u00fcsseln und interpretieren k\u00f6nnen. Theatersommer in bester Manier. Peter Kratz ist einmal mehr ein toller Wurf gelungen.\u201d &#8211;\u00a0Ludwigsburger Kreiszeitung &#8211;<\/p>\n<p><strong>Ein gro\u00dfes sommerliches Theatervergn\u00fcgen<br \/>\n<\/strong>\u201eGesprochen wird nicht. Aber es gibt ja auch die K\u00f6rpersprache, und Menschen sprechen nicht nur, sie sto\u00dfen auch Laute aus. Von beidem gibt es im Cluss-Garten genug, und das ger\u00e4t sehr unterhaltsam.(\u2026)\u00a0Gezeigt wird ein gesellschaftliches Panoptikum von Typen, der \u201ebreitbeinige Angeber\u201c, der Platzwart oder die Flugbegleiterin. Das Spiel mit den Klischees ist witzig, manche Szenen sind ber\u00fchrend oder sch\u00f6n absurd geraden. Der Abend ist ein gro\u00dfes sommerliches Theatervergn\u00fcgen.\u201c &#8211; Stuttgarter Zeitung &amp; Stuttgarter Nachrichten &#8211;<\/p>\n<p><strong>Staunen und nachdenken &#8211; eine Augenweide!<br \/>\n<\/strong>\u201eDer Fantasie sind keine Grenzen gesetzt. (\u2026)\u00a0Die Ludwigsburger \u201eStunde\u201c sch\u00f6pft \u00a0gro\u00dfz\u00fcgig aus dem unendlichen Fundus der menschlichen Handlungen. So sind allein die poetischen Momente den Besuch im Theatergarten wert.\u00a0Es mangelt ebenso wenig an unterhaltsamer Zeitkritik. Auch Slapstick ist vorhanden. (\u2026)\u00a0Wenn ein St\u00fcck auf die Sprache, jenes zentrale Mittel des klassischen Theaters verzichtet, m\u00fcssen die Schauspieler umso besser sein. In der Handke-Stunde des Theatersommers wird das Ensemble diesem Anspruch mehr als gerecht. Es fehlt ihnen weder am Timing noch an\u00a0Spielfreude. Sch\u00f6n, zu sehen!\u201c &#8211; Ludwigsburger Wochenblatt &#8211;<\/p>\n<p><a class=\"fancybox\" href=\"http:\/\/foerderverein-theatersommer.net\/archiv\/wp-content\/uploads\/1.-STUNDE-DA-WIR...Flugzeugcrew-A.Klaue-L.Riesner-T.Martini\u00a9THS-by-T.Marek_-scaled.jpg\"><img loading=\"lazy\" decoding=\"async\" class=\"alignleft size-thumbnail wp-image-8673\" title=\"Flugzeugcrew\" src=\"http:\/\/foerderverein-theatersommer.net\/archiv\/wp-content\/uploads\/1.-STUNDE-DA-WIR...Flugzeugcrew-A.Klaue-L.Riesner-T.Martini\u00a9THS-by-T.Marek_-175x175.jpg\" alt=\"STUNDE DA WIR... Flugzeugcrew \u00a9ThS-by-T.Marek\" width=\"175\" height=\"175\" data-wp-editing=\"1\" \/><\/a> <a class=\"fancybox\" href=\"http:\/\/foerderverein-theatersommer.net\/archiv\/wp-content\/uploads\/2.-STUNDE-DA-WIR...Strassenkehrer-MantelfrauM.Hubel-T.Martini\u00a9THS-by-T.Marek_-scaled.jpg\"><img loading=\"lazy\" decoding=\"async\" class=\"alignleft size-thumbnail wp-image-8674\" title=\"Stra\u00dfenkehrer und Mandelfrau\" src=\"http:\/\/foerderverein-theatersommer.net\/archiv\/wp-content\/uploads\/2.-STUNDE-DA-WIR...Strassenkehrer-MantelfrauM.Hubel-T.Martini\u00a9THS-by-T.Marek_-175x175.jpg\" alt=\"STUNDE DA WIR...Strassenkehrer und Mantelfrau \u00a9THS-by-T.Marek\" width=\"175\" height=\"175\" \/><\/a><a class=\"fancybox\" href=\"http:\/\/foerderverein-theatersommer.net\/archiv\/wp-content\/uploads\/4.-STUNDE-DA-WIR...Zirkus-L.Riesner-S.CzepurnyiT.Martini\u00a9THS-by-T.Marek_.jpg\"><img loading=\"lazy\" decoding=\"async\" class=\"alignleft size-thumbnail wp-image-8674\" title=\"Zirkus\" src=\"http:\/\/foerderverein-theatersommer.net\/archiv\/wp-content\/uploads\/4.-STUNDE-DA-WIR...Zirkus-L.Riesner-S.CzepurnyiT.Martini\u00a9THS-by-T.Marek_-175x175.jpg\" alt=\"STUNDE DA WIR...Zirkus \u00a9THS-by-T.Marek\" width=\"175\" height=\"175\" \/><\/a><a class=\"fancybox\" href=\"http:\/\/foerderverein-theatersommer.net\/archiv\/wp-content\/uploads\/5.-STUNDE-DA-WIR-..MantelfrauT.-Martini\u00a9THS_Foto_T.Marek_.jpg\"><img loading=\"lazy\" decoding=\"async\" class=\"alignleft size-thumbnail wp-image-8675\" title=\"Mantelfrau T.Martini\" src=\"http:\/\/foerderverein-theatersommer.net\/archiv\/wp-content\/uploads\/5.-STUNDE-DA-WIR-..MantelfrauT.-Martini\u00a9THS_Foto_T.Marek_-175x175.jpg\" alt=\"STUNDE DA WIR ..Mantelfrau T.Martini \u00a9THS_Foto_T.Marek\" width=\"175\" height=\"175\" \/><\/a><a class=\"fancybox\" href=\"http:\/\/foerderverein-theatersommer.net\/archiv\/wp-content\/uploads\/8.-STUNDE-DA-WIR-...Mermaid-KochB.HugS_.Czepurnyi\u00a9THS_Foto_T.Marek_.jpg\"><img loading=\"lazy\" decoding=\"async\" class=\"alignleft size-thumbnail wp-image-8677\" title=\"Mermaid und Koch\" src=\"http:\/\/foerderverein-theatersommer.net\/archiv\/wp-content\/uploads\/8.-STUNDE-DA-WIR-...Mermaid-KochB.HugS_.Czepurnyi\u00a9THS_Foto_T.Marek_-175x175.jpg\" alt=\"STUNDE DA WIR...Mermaid und Koch \u00a9THS_Foto_T.Marek\" width=\"175\" height=\"175\" \/><\/a><a class=\"fancybox\" href=\"http:\/\/foerderverein-theatersommer.net\/archiv\/wp-content\/uploads\/10.-STUNDE-DA-WIR-...TeppichhaendlerA.Klaue\u00a9THS_Foto_T.Marek_.jpg\"><img loading=\"lazy\" decoding=\"async\" class=\"alignleft size-thumbnail wp-image-8676\" title=\"Teppichh\u00e4ndler A. Klaue\" src=\"http:\/\/foerderverein-theatersommer.net\/archiv\/wp-content\/uploads\/10.-STUNDE-DA-WIR-...TeppichhaendlerA.Klaue\u00a9THS_Foto_T.Marek_-175x175.jpg\" alt=\"STUNDE DA WIR... Teppichh\u00e4ndler A. Klaue \u00a9THS_Foto_T.Marek\" width=\"175\" height=\"175\" \/><\/a><\/p>\n<p>&nbsp;<\/p>\n<p>&nbsp;<\/p>\n<p>&nbsp;<\/p>\n<p>&nbsp;<\/p>\n<p><span style=\"font-size: 8pt;\">Bildvergr\u00f6\u00dferung: Foto anklicken und \u00fcber re\/li Pfeil weiter<\/span><\/p>\n<p>&nbsp;<\/p>\n<p><span style=\"font-size: 14pt;\"><strong>ZUSCHAUERZAHLEN<\/strong><\/span><br \/>\n2021: 1.443 Zuschauer (*Coronabedingte Kapazit\u00e4t: 85 Pl\u00e4tze)<\/p>\n<p><span style=\"text-decoration: underline;\"><span style=\"font-size: 14pt; color: #339966;\"><strong><a style=\"color: #339966; text-decoration: underline;\" title=\"2021 \u2013 Orlando\" href=\"http:\/\/foerderverein-theatersommer.net\/archiv\/spielplan\/ab-2021\/orlando\/\">N\u00e4chstes St\u00fcck<\/a><\/strong><\/span><\/span><\/p>\n<p><a href=\"http:\/\/foerderverein-theatersommer.net\/archiv\/wp-content\/uploads\/2021-STUNDE-PLAKAT-WEB.jpg\"><img loading=\"lazy\" decoding=\"async\" class=\"alignleft size-large wp-image-10223\" src=\"http:\/\/foerderverein-theatersommer.net\/archiv\/wp-content\/uploads\/2021-STUNDE-PLAKAT-WEB-401x800.jpg\" alt=\"\" width=\"401\" height=\"800\" srcset=\"https:\/\/foerderverein-theatersommer.net\/archiv\/wp-content\/uploads\/2021-STUNDE-PLAKAT-WEB-401x800.jpg 401w, https:\/\/foerderverein-theatersommer.net\/archiv\/wp-content\/uploads\/2021-STUNDE-PLAKAT-WEB-150x300.jpg 150w, https:\/\/foerderverein-theatersommer.net\/archiv\/wp-content\/uploads\/2021-STUNDE-PLAKAT-WEB-501x999.jpg 501w, https:\/\/foerderverein-theatersommer.net\/archiv\/wp-content\/uploads\/2021-STUNDE-PLAKAT-WEB.jpg 617w\" sizes=\"(max-width: 401px) 100vw, 401px\" \/><\/a><\/p>\n<p>&nbsp;<\/p>\n<p>&nbsp;<\/p>\n<p>&nbsp;<\/p>\n<p>&nbsp;<\/p>\n<p>&nbsp;<\/p>\n<p>&nbsp;<\/p>\n<p>&nbsp;<\/p>\n<p>&nbsp;<\/p>\n<p>&nbsp;<\/p>\n<p>&nbsp;<\/p>\n<p>&nbsp;<\/p>\n<p>&nbsp;<\/p>\n<p><span style=\"font-size: 8pt;\">Plakat: \u00a9R. Crassie<\/span><\/p>\n","protected":false},"excerpt":{"rendered":"<p>DIE STUNDE DA WIR NICHTS VONEINANDER WUSSTEN Ein Schauspiel von Peter Handke Ein gro\u00dfes sommerliches Theatervergn\u00fcgen INSZENIERUNG: Peter Kratz B\u00dcHNE:&#8230; <span class=\"read-more\"><a href=\"https:\/\/foerderverein-theatersommer.net\/archiv\/spielplan\/ab-2021\/die-stunde-da-wir-nichts-voneinander-wussten\/\" class=\"button button-darkgray small\"> Continue Reading &rarr; <\/a><\/span><\/p>\n","protected":false},"author":3,"featured_media":10218,"parent":9413,"menu_order":0,"comment_status":"closed","ping_status":"closed","template":"","meta":{"footnotes":""},"_links":{"self":[{"href":"https:\/\/foerderverein-theatersommer.net\/archiv\/wp-json\/wp\/v2\/pages\/9418"}],"collection":[{"href":"https:\/\/foerderverein-theatersommer.net\/archiv\/wp-json\/wp\/v2\/pages"}],"about":[{"href":"https:\/\/foerderverein-theatersommer.net\/archiv\/wp-json\/wp\/v2\/types\/page"}],"author":[{"embeddable":true,"href":"https:\/\/foerderverein-theatersommer.net\/archiv\/wp-json\/wp\/v2\/users\/3"}],"replies":[{"embeddable":true,"href":"https:\/\/foerderverein-theatersommer.net\/archiv\/wp-json\/wp\/v2\/comments?post=9418"}],"version-history":[{"count":7,"href":"https:\/\/foerderverein-theatersommer.net\/archiv\/wp-json\/wp\/v2\/pages\/9418\/revisions"}],"predecessor-version":[{"id":10481,"href":"https:\/\/foerderverein-theatersommer.net\/archiv\/wp-json\/wp\/v2\/pages\/9418\/revisions\/10481"}],"up":[{"embeddable":true,"href":"https:\/\/foerderverein-theatersommer.net\/archiv\/wp-json\/wp\/v2\/pages\/9413"}],"wp:featuredmedia":[{"embeddable":true,"href":"https:\/\/foerderverein-theatersommer.net\/archiv\/wp-json\/wp\/v2\/media\/10218"}],"wp:attachment":[{"href":"https:\/\/foerderverein-theatersommer.net\/archiv\/wp-json\/wp\/v2\/media?parent=9418"}],"curies":[{"name":"wp","href":"https:\/\/api.w.org\/{rel}","templated":true}]}}