{"id":9432,"date":"2021-12-08T11:12:37","date_gmt":"2021-12-08T11:12:37","guid":{"rendered":"http:\/\/foerderverein-theatersommer.net\/archiv\/?page_id=9432"},"modified":"2024-05-02T15:26:26","modified_gmt":"2024-05-02T15:26:26","slug":"orlando","status":"publish","type":"page","link":"https:\/\/foerderverein-theatersommer.net\/archiv\/spielplan\/ab-2021\/orlando\/","title":{"rendered":"<br\/><br\/>2021 &#8211; Orlando<br\/><br\/>"},"content":{"rendered":"<p><span style=\"font-size: 18pt;\"><strong>ORLANDO<\/strong><\/span><br \/>\nnach dem Roman von Virginia Woolf<\/p>\n<h3><strong>Sonderprogramm REALITY CLOSE-UP: <br \/>\n<\/strong><strong>Young Artists<\/strong><\/h3>\n<p>TEXTFASSUNG &amp; REGIE: Martin Mader<br \/>\nB\u00dcHNE&amp; KOST\u00dcME: Julia Schnittger<br \/>\nMUSIK\/Auftragskomposition: Adrian Laugsch<br \/>\nBESETZUNG: Sergej Czepurnyi, Theresa Martini<\/p>\n<p><span style=\"font-size: 14pt;\"><strong>KONZEPTION\/INHALT<\/strong><\/span><br \/>\nDurch Verschiebung des gro\u00dfen Jubil\u00e4umsprogramms \u201e2020\u201c um ein Jahr feiert ORLANDO erst in dieser Spielzeit Premiere. In der Zwischenzeit erhielt der Autor und Regisseur Martin Mader f\u00fcr seinen Text \u201eAbstand ist \u00fcberall\u201c den Rauriser F\u00f6rderungspreis 2021, vergeben vom Land Salzburg und der Gemeinde Rauris. Die Jury fand: \u201eTats\u00e4chlich ist Martin Mader eine \u00e4u\u00dferst eindrucksvolle neue Stimme.\u201c Umso mehr freuen wir uns, dass wir das gesamte Leitungsteam auch f\u00fcr die Spielzeit 2021 wieder engagieren konnten!<\/p>\n<p>Vor dem Hintergrund der Geschichte von Virginia Woolfs Figur Orlando, ihrer Verwandlungen und ihrer Zeitreise durch drei Jahrhunderte werden Elemente des Romans und der Poesie szenisch wie musikalisch ineinander verwoben. Faszinierende Bilder und stimmungsvolle Musik setzen eine F\u00fclle von Assoziationen frei. Und schaffen spannungsreiche Kontraste: Orlando wendet sich in poetischer Absicht der Natur zu. Denn lockt nicht der Garten auf wundersame Weise mit der M\u00f6glichkeit, besondere Geschichten zu erz\u00e4hlen?<\/p>\n<p>Doch wer schreiben m\u00f6chte, muss um die Dinge ringen \u2013 sie entziehen sich st\u00e4ndig dem Zugriff der Sprache. Au\u00dferdem ist da noch die B\u00fchne, auf der die Welt in den Garten hereinbricht. Surrealistische Elemente, Phantasie und Staunen, Verwandlung und Lust tun ihr \u00dcbriges, alles ger\u00e4t in Bewegung. Geschlechterrollen \u00f6ffnen sich, l\u00f6sen sich auf, und existentielle Fragen dr\u00e4ngen ans Licht: Fragen nach Identit\u00e4t, Kunst und Leben, nach Traum und Wirklichkeit, Natur und Gesellschaft. Liebe steht gegen Entt\u00e4uschung, Frau trifft auf Mann, Hoffnung prallt auf Resignation. Mehr noch, Orlando liegt im Streit mit sich selbst: Ein Ich, das sich durch seine eigenen Geschichten begreifen m\u00f6chte; zugleich ein Ich, das sich gegen alle Einordnung, Beschreibung und Interpretation wehrt. Stehen am Ende Leben und Schreiben einander unvereinbar gegen\u00fcber?<\/p>\n<p><em>\u201cWorte sind wild, frei, unverantwortlich und nicht zu lehren. Nat\u00fcrlich kann man sie einfangen, einsortieren und sie in alphabetischer Reihenfolge in W\u00f6rterb\u00fccher stecken. Aber dort leben sie nicht.\u201d<\/em> (Virginia Woolf)<\/p>\n<p><span style=\"font-size: 14pt;\"><strong>PRESSESTIMMEN<\/strong><\/span><br \/>\n<strong>Starkes Deb\u00fct<br \/>\n<\/strong>\u201e400 Jahre in 90 Minuten \u2013 Martin Mader gelingt mit \u201eOrlando\u201c ein starkes Debu\u0308t.\u201d &#8211;\u00a0Ludwigsburger Kreiszeitung &#8211;<\/p>\n<p><strong>Philosophisch und poetisch<br \/>\n<\/strong>\u201ePhilosophisch und poetisch, passagenweise auch recht sperrig, intellektuell, und doch gelingt eine Verdichtung mit eigenen\u00a0Akzenten.\u201d- Stuttgarter Zeitung &#8211;<\/p>\n<p><a class=\"fancybox\" href=\"http:\/\/foerderverein-theatersommer.net\/archiv\/wp-content\/uploads\/1.-Orlando-und-Sasha-T.-Martini-S.-Czepurnyi\u00a9ThS.jpg\"><img loading=\"lazy\" decoding=\"async\" class=\"alignleft size-thumbnail wp-image-8673\" title=\"Orlando und Sasha\" src=\"http:\/\/foerderverein-theatersommer.net\/archiv\/wp-content\/uploads\/1.-Orlando-und-Sasha-T.-Martini-S.-Czepurnyi\u00a9ThS-175x175.jpg\" alt=\"Orlando und Sasha\" width=\"175\" height=\"175\" data-wp-editing=\"1\" \/><\/a> <a class=\"fancybox\" href=\"http:\/\/foerderverein-theatersommer.net\/archiv\/wp-content\/uploads\/3.-Orlando-in-red-lightS.-Czepurnyi-T.-Martini\u00a9ThS.jpg\"><img loading=\"lazy\" decoding=\"async\" class=\"alignleft size-thumbnail wp-image-8674\" title=\"Orlando in red light\" src=\"http:\/\/foerderverein-theatersommer.net\/archiv\/wp-content\/uploads\/3.-Orlando-in-red-lightS.-Czepurnyi-T.-Martini\u00a9ThS-175x175.jpg\" alt=\"Orlando in red light\" width=\"175\" height=\"175\" \/><\/a><a class=\"fancybox\" href=\"http:\/\/foerderverein-theatersommer.net\/archiv\/wp-content\/uploads\/4.-Orlando-S.-Czepurnyi-T.-Martini\u00a9ThS.jpg\"><img loading=\"lazy\" decoding=\"async\" class=\"alignleft size-thumbnail wp-image-8674\" title=\"Orlando\" src=\"http:\/\/foerderverein-theatersommer.net\/archiv\/wp-content\/uploads\/4.-Orlando-S.-Czepurnyi-T.-Martini\u00a9ThS-175x175.jpg\" alt=\"ORLANDO\" width=\"175\" height=\"175\" \/><\/a><a class=\"fancybox\" href=\"http:\/\/foerderverein-theatersommer.net\/archiv\/wp-content\/uploads\/6.-Orlando-kopfueberT.-Martini@ThS.jpg\"><img loading=\"lazy\" decoding=\"async\" class=\"alignleft size-thumbnail wp-image-8675\" title=\"Orlando kopf\u00fcber\" src=\"http:\/\/foerderverein-theatersommer.net\/archiv\/wp-content\/uploads\/6.-Orlando-kopfueberT.-Martini@ThS-175x175.jpg\" alt=\"Orlando kopf\u00fcber\" width=\"175\" height=\"175\" \/><\/a><a class=\"fancybox\" href=\"http:\/\/foerderverein-theatersommer.net\/archiv\/wp-content\/uploads\/7.-Orlando-T.-Martini\u00a9ThS.jpg\"><img loading=\"lazy\" decoding=\"async\" class=\"alignleft size-thumbnail wp-image-8677\" title=\"ORLANDO\" src=\"http:\/\/foerderverein-theatersommer.net\/archiv\/wp-content\/uploads\/7.-Orlando-T.-Martini\u00a9ThS-175x175.jpg\" alt=\"ORLANDO\" width=\"175\" height=\"175\" \/><\/a><a class=\"fancybox\" href=\"http:\/\/foerderverein-theatersommer.net\/archiv\/wp-content\/uploads\/8.-Orlando-S.-Czepurnyi-T.-Martini\u00a9ThS.jpg\"><img loading=\"lazy\" decoding=\"async\" class=\"alignleft size-thumbnail wp-image-8676\" title=\"ORLANDO\" src=\"http:\/\/foerderverein-theatersommer.net\/archiv\/wp-content\/uploads\/8.-Orlando-S.-Czepurnyi-T.-Martini\u00a9ThS-175x175.jpg\" alt=\"ORLANDO\" width=\"175\" height=\"175\" \/><\/a><\/p>\n<p>&nbsp;<\/p>\n<p>&nbsp;<\/p>\n<p>&nbsp;<\/p>\n<p>&nbsp;<\/p>\n<p><span style=\"font-size: 8pt;\">Bildvergr\u00f6\u00dferung: Foto anklicken und \u00fcber re\/li Pfeil weiter<\/span><\/p>\n<p>&nbsp;<\/p>\n<p><span style=\"font-size: 14pt;\"><strong>ZUSCHAUERZAHLEN<\/strong><\/span><br \/>\n2021: 534 Zuschauende\u00a0<\/p>\n<p><span style=\"text-decoration: underline;\"><span style=\"font-size: 14pt; color: #339966;\"><strong><a style=\"color: #339966; text-decoration: underline;\" title=\"2021 \u2013 Orlando\" href=\"http:\/\/foerderverein-theatersommer.net\/archiv\/koenig-lear\/\">N\u00e4chstes St\u00fcck<\/a><\/p>\n<p><\/strong><\/span><\/span><\/p>\n<p><a href=\"http:\/\/foerderverein-theatersommer.net\/archiv\/wp-content\/uploads\/2021-Plakat-Orlando-WEB.jpg\"><img loading=\"lazy\" decoding=\"async\" class=\"alignleft size-large wp-image-10222\" src=\"http:\/\/foerderverein-theatersommer.net\/archiv\/wp-content\/uploads\/2021-Plakat-Orlando-WEB-402x800.jpg\" alt=\"\" width=\"402\" height=\"800\" srcset=\"https:\/\/foerderverein-theatersommer.net\/archiv\/wp-content\/uploads\/2021-Plakat-Orlando-WEB-402x800.jpg 402w, https:\/\/foerderverein-theatersommer.net\/archiv\/wp-content\/uploads\/2021-Plakat-Orlando-WEB-151x300.jpg 151w, https:\/\/foerderverein-theatersommer.net\/archiv\/wp-content\/uploads\/2021-Plakat-Orlando-WEB-502x999.jpg 502w, https:\/\/foerderverein-theatersommer.net\/archiv\/wp-content\/uploads\/2021-Plakat-Orlando-WEB.jpg 618w\" sizes=\"(max-width: 402px) 100vw, 402px\" \/><\/a><\/p>\n<p>&nbsp;<\/p>\n<p>&nbsp;<\/p>\n<p>&nbsp;<\/p>\n<p>&nbsp;<\/p>\n<p>&nbsp;<\/p>\n<p>&nbsp;<\/p>\n<p>&nbsp;<\/p>\n<p>&nbsp;<\/p>\n<p>&nbsp;<\/p>\n<p>&nbsp;<\/p>\n<p>&nbsp;<\/p>\n<p>&nbsp;<\/p>\n<p><span style=\"font-size: 8pt;\">Plakat: \u00a9 R. Crassie<\/span><\/p>\n","protected":false},"excerpt":{"rendered":"<p>ORLANDO nach dem Roman von Virginia Woolf Sonderprogramm REALITY CLOSE-UP: Young Artists TEXTFASSUNG &amp; REGIE: Martin Mader B\u00dcHNE&amp; KOST\u00dcME: Julia&#8230; <span class=\"read-more\"><a href=\"https:\/\/foerderverein-theatersommer.net\/archiv\/spielplan\/ab-2021\/orlando\/\" class=\"button button-darkgray small\"> Continue Reading &rarr; <\/a><\/span><\/p>\n","protected":false},"author":3,"featured_media":10219,"parent":9413,"menu_order":2,"comment_status":"closed","ping_status":"closed","template":"","meta":{"footnotes":""},"_links":{"self":[{"href":"https:\/\/foerderverein-theatersommer.net\/archiv\/wp-json\/wp\/v2\/pages\/9432"}],"collection":[{"href":"https:\/\/foerderverein-theatersommer.net\/archiv\/wp-json\/wp\/v2\/pages"}],"about":[{"href":"https:\/\/foerderverein-theatersommer.net\/archiv\/wp-json\/wp\/v2\/types\/page"}],"author":[{"embeddable":true,"href":"https:\/\/foerderverein-theatersommer.net\/archiv\/wp-json\/wp\/v2\/users\/3"}],"replies":[{"embeddable":true,"href":"https:\/\/foerderverein-theatersommer.net\/archiv\/wp-json\/wp\/v2\/comments?post=9432"}],"version-history":[{"count":7,"href":"https:\/\/foerderverein-theatersommer.net\/archiv\/wp-json\/wp\/v2\/pages\/9432\/revisions"}],"predecessor-version":[{"id":10482,"href":"https:\/\/foerderverein-theatersommer.net\/archiv\/wp-json\/wp\/v2\/pages\/9432\/revisions\/10482"}],"up":[{"embeddable":true,"href":"https:\/\/foerderverein-theatersommer.net\/archiv\/wp-json\/wp\/v2\/pages\/9413"}],"wp:featuredmedia":[{"embeddable":true,"href":"https:\/\/foerderverein-theatersommer.net\/archiv\/wp-json\/wp\/v2\/media\/10219"}],"wp:attachment":[{"href":"https:\/\/foerderverein-theatersommer.net\/archiv\/wp-json\/wp\/v2\/media?parent=9432"}],"curies":[{"name":"wp","href":"https:\/\/api.w.org\/{rel}","templated":true}]}}